{"id":998,"date":"2024-01-12T14:46:08","date_gmt":"2024-01-12T14:46:08","guid":{"rendered":"http:\/\/conso-med.com\/?post_type=product&#038;p=998"},"modified":"2024-02-15T08:16:14","modified_gmt":"2024-02-15T08:16:14","slug":"cover-boot","status":"publish","type":"product","link":"https:\/\/conso-med.com\/fr\/produit\/cover-boot\/","title":{"rendered":"SURBOTTE"},"content":{"rendered":"<p><strong>R\u00c9F\u00c9RENCE DU PRODUIT : 22010<\/strong><\/p>\n<p>Nos couvre-chaussures offrent une protection fiable pour les chaussures dans diff\u00e9rents environnements.<br \/>\nCon\u00e7us avec des mat\u00e9riaux durables, ils prot\u00e8gent contre la salet\u00e9, l'humidit\u00e9 et les contaminants, gardant vos chaussures propres et s\u00e8ches.<br \/>\nFaciles \u00e0 enfiler et \u00e0 retirer, ils offrent praticit\u00e9 et commodit\u00e9 pour les professionnels de la sant\u00e9, les travailleurs en salle blanche ou toute personne ayant besoin de prot\u00e9ger ses chaussures.<br \/>\nQue ce soit dans les h\u00f4pitaux, les laboratoires ou lors d'activit\u00e9s en ext\u00e9rieur, nos couvre-chaussures assurent la protection de vos chaussures.<\/p>","protected":false},"excerpt":{"rendered":"<p><strong><span style=\"color: #0000ff;\">R\u00c9F\u00c9RENCE DU PRODUIT : 22010<\/span><\/strong><\/p>","protected":false},"featured_media":1142,"comment_status":"open","ping_status":"closed","template":"","meta":[],"product_brand":[],"product_cat":[59,80],"product_tag":[],"class_list":{"0":"post-998","1":"product","2":"type-product","3":"status-publish","4":"has-post-thumbnail","6":"product_cat-protection-devices","7":"product_cat-shoes-cover","9":"first","10":"instock","11":"shipping-taxable","12":"product-type-simple"},"_links":{"self":[{"href":"https:\/\/conso-med.com\/fr\/wp-json\/wp\/v2\/product\/998","targetHints":{"allow":["GET"]}}],"collection":[{"href":"https:\/\/conso-med.com\/fr\/wp-json\/wp\/v2\/product"}],"about":[{"href":"https:\/\/conso-med.com\/fr\/wp-json\/wp\/v2\/types\/product"}],"replies":[{"embeddable":true,"href":"https:\/\/conso-med.com\/fr\/wp-json\/wp\/v2\/comments?post=998"}],"wp:featuredmedia":[{"embeddable":true,"href":"https:\/\/conso-med.com\/fr\/wp-json\/wp\/v2\/media\/1142"}],"wp:attachment":[{"href":"https:\/\/conso-med.com\/fr\/wp-json\/wp\/v2\/media?parent=998"}],"wp:term":[{"taxonomy":"product_brand","embeddable":true,"href":"https:\/\/conso-med.com\/fr\/wp-json\/wp\/v2\/product_brand?post=998"},{"taxonomy":"product_cat","embeddable":true,"href":"https:\/\/conso-med.com\/fr\/wp-json\/wp\/v2\/product_cat?post=998"},{"taxonomy":"product_tag","embeddable":true,"href":"https:\/\/conso-med.com\/fr\/wp-json\/wp\/v2\/product_tag?post=998"}],"curies":[{"name":"wp","href":"https:\/\/api.w.org\/{rel}","templated":true}]}}