{"id":996,"date":"2024-01-12T14:43:53","date_gmt":"2024-01-12T14:43:53","guid":{"rendered":"http:\/\/conso-med.com\/?post_type=product&#038;p=996"},"modified":"2024-02-09T07:43:38","modified_gmt":"2024-02-09T07:43:38","slug":"blue-shoes-cover-tnt","status":"publish","type":"product","link":"https:\/\/conso-med.com\/fr\/produit\/blue-shoes-cover-tnt\/","title":{"rendered":"COUVRE CHAUSSURES TNT BLEU"},"content":{"rendered":"<p><strong>PRODUCT REFERENCE:3030<\/strong><\/p>\n<p>Mod\u00e8le enveloppant con\u00e7u en tissu non-tiss\u00e9 \u00e0 usage unique.<\/p>\n<p>Dot\u00e9 d'\u00e9lastique de serrage pour un enfilage facile\n\nAjustable \u00e0 toutes les pointures.<\/p>\n<p>Protection optimale en milieu m\u00e9dical et autres.<\/p>","protected":false},"excerpt":{"rendered":"<p><strong>PRODUCT REFERENCE:3030<\/strong><\/p>","protected":false},"featured_media":997,"comment_status":"open","ping_status":"closed","template":"","meta":[],"product_brand":[],"product_cat":[59],"product_tag":[],"class_list":{"0":"post-996","1":"product","2":"type-product","3":"status-publish","4":"has-post-thumbnail","6":"product_cat-protection-devices","8":"first","9":"instock","10":"shipping-taxable","11":"product-type-simple"},"_links":{"self":[{"href":"https:\/\/conso-med.com\/fr\/wp-json\/wp\/v2\/product\/996","targetHints":{"allow":["GET"]}}],"collection":[{"href":"https:\/\/conso-med.com\/fr\/wp-json\/wp\/v2\/product"}],"about":[{"href":"https:\/\/conso-med.com\/fr\/wp-json\/wp\/v2\/types\/product"}],"replies":[{"embeddable":true,"href":"https:\/\/conso-med.com\/fr\/wp-json\/wp\/v2\/comments?post=996"}],"wp:featuredmedia":[{"embeddable":true,"href":"https:\/\/conso-med.com\/fr\/wp-json\/wp\/v2\/media\/997"}],"wp:attachment":[{"href":"https:\/\/conso-med.com\/fr\/wp-json\/wp\/v2\/media?parent=996"}],"wp:term":[{"taxonomy":"product_brand","embeddable":true,"href":"https:\/\/conso-med.com\/fr\/wp-json\/wp\/v2\/product_brand?post=996"},{"taxonomy":"product_cat","embeddable":true,"href":"https:\/\/conso-med.com\/fr\/wp-json\/wp\/v2\/product_cat?post=996"},{"taxonomy":"product_tag","embeddable":true,"href":"https:\/\/conso-med.com\/fr\/wp-json\/wp\/v2\/product_tag?post=996"}],"curies":[{"name":"wp","href":"https:\/\/api.w.org\/{rel}","templated":true}]}}