{"id":978,"date":"2024-01-11T15:16:03","date_gmt":"2024-01-11T15:16:03","guid":{"rendered":"http:\/\/conso-med.com\/?post_type=product&#038;p=978"},"modified":"2024-09-26T08:03:12","modified_gmt":"2024-09-26T08:03:12","slug":"circumcision-gown","status":"publish","type":"product","link":"https:\/\/conso-med.com\/fr\/produit\/circumcision-gown\/","title":{"rendered":"BLOUSE CIRCONSICION"},"content":{"rendered":"<p><strong>R\u00c9F\u00c9RENCE DU PRODUIT : 6187<br \/>\n<\/strong><span style=\"color: #000000;\">100 PCS \/ CARTON<\/span><\/p>\n<p>Blouse circoncision \u00e0 usage unique en non tiss\u00e9 hypoallerg\u00e9nique et sans fermetures.<br \/>\nCon\u00e7ue pour un confort optimum du patient.<\/p>","protected":false},"excerpt":{"rendered":"<p><strong><span style=\"color: #0000ff;\">R\u00c9F\u00c9RENCE DU PRODUIT : 6187<\/span><br \/>\n<\/strong><\/p>","protected":false},"featured_media":979,"comment_status":"open","ping_status":"closed","template":"","meta":[],"product_brand":[],"product_cat":[59,107],"product_tag":[],"class_list":{"0":"post-978","1":"product","2":"type-product","3":"status-publish","4":"has-post-thumbnail","6":"product_cat-protection-devices","7":"product_cat-gown-protection-devices","9":"first","10":"instock","11":"shipping-taxable","12":"product-type-simple"},"_links":{"self":[{"href":"https:\/\/conso-med.com\/fr\/wp-json\/wp\/v2\/product\/978","targetHints":{"allow":["GET"]}}],"collection":[{"href":"https:\/\/conso-med.com\/fr\/wp-json\/wp\/v2\/product"}],"about":[{"href":"https:\/\/conso-med.com\/fr\/wp-json\/wp\/v2\/types\/product"}],"replies":[{"embeddable":true,"href":"https:\/\/conso-med.com\/fr\/wp-json\/wp\/v2\/comments?post=978"}],"wp:featuredmedia":[{"embeddable":true,"href":"https:\/\/conso-med.com\/fr\/wp-json\/wp\/v2\/media\/979"}],"wp:attachment":[{"href":"https:\/\/conso-med.com\/fr\/wp-json\/wp\/v2\/media?parent=978"}],"wp:term":[{"taxonomy":"product_brand","embeddable":true,"href":"https:\/\/conso-med.com\/fr\/wp-json\/wp\/v2\/product_brand?post=978"},{"taxonomy":"product_cat","embeddable":true,"href":"https:\/\/conso-med.com\/fr\/wp-json\/wp\/v2\/product_cat?post=978"},{"taxonomy":"product_tag","embeddable":true,"href":"https:\/\/conso-med.com\/fr\/wp-json\/wp\/v2\/product_tag?post=978"}],"curies":[{"name":"wp","href":"https:\/\/api.w.org\/{rel}","templated":true}]}}