{"id":968,"date":"2024-01-11T14:22:46","date_gmt":"2024-01-11T14:22:46","guid":{"rendered":"http:\/\/conso-med.com\/?post_type=product&#038;p=968"},"modified":"2024-09-25T15:06:36","modified_gmt":"2024-09-25T15:06:36","slug":"blue-surgeon-hood-with-earloop","status":"publish","type":"product","link":"https:\/\/conso-med.com\/fr\/produit\/blue-surgeon-hood-with-earloop\/","title":{"rendered":"CAGOULE DE CHIRURGIEN BLUE AVEC \u00c9LASTIQUE"},"content":{"rendered":"<p><strong>R\u00c9F\u00c9RENCE DU PRODUIT : 7005<br \/>\n<\/strong><span style=\"color: #000000;\">500 PCS \/ CARTON<br \/>\n<\/span><br \/>\nNous avons d\u00e9velopp\u00e9 ces dispositifs d'isolation capillaire pour une meilleure protection de leurs utilisateurs.<\/p>\n<p>Surgeon hood with earloop protect, also, patients and environnemental material against contamination.<\/p>\n<p>Hypoallerg\u00e9nique, perm\u00e9ables \u00e0 l'air et sans odeur, elle est d'une adaptabilit\u00e9 facile pour pour toute longueur et \u00e9paisseur de chevelure gr\u00e2ce \u00e0 leur mati\u00e8re extensible.<\/p>\n<p>Souple et facile \u00e0 poser, elle enveloppe sans aucune g\u00eane la t\u00e8te du porteur.\n\nArticle \u00e0 usage court, adapt\u00e9s aux t\u00e2ches demandant le respect strict des r\u00e8gles hygi\u00e8ne.\n\nFacile \u00e0 stocker.<\/p>","protected":false},"excerpt":{"rendered":"<p><strong><span style=\"color: #0000ff;\">R\u00c9F\u00c9RENCE DU PRODUIT : 7005<\/span><br \/>\n<\/strong><\/p>","protected":false},"featured_media":969,"comment_status":"open","ping_status":"closed","template":"","meta":[],"product_brand":[],"product_cat":[59,103],"product_tag":[],"class_list":{"0":"post-968","1":"product","2":"type-product","3":"status-publish","4":"has-post-thumbnail","6":"product_cat-protection-devices","7":"product_cat-cap-clip-cap-surgeon-hood","9":"first","10":"instock","11":"shipping-taxable","12":"product-type-simple"},"_links":{"self":[{"href":"https:\/\/conso-med.com\/fr\/wp-json\/wp\/v2\/product\/968","targetHints":{"allow":["GET"]}}],"collection":[{"href":"https:\/\/conso-med.com\/fr\/wp-json\/wp\/v2\/product"}],"about":[{"href":"https:\/\/conso-med.com\/fr\/wp-json\/wp\/v2\/types\/product"}],"replies":[{"embeddable":true,"href":"https:\/\/conso-med.com\/fr\/wp-json\/wp\/v2\/comments?post=968"}],"wp:featuredmedia":[{"embeddable":true,"href":"https:\/\/conso-med.com\/fr\/wp-json\/wp\/v2\/media\/969"}],"wp:attachment":[{"href":"https:\/\/conso-med.com\/fr\/wp-json\/wp\/v2\/media?parent=968"}],"wp:term":[{"taxonomy":"product_brand","embeddable":true,"href":"https:\/\/conso-med.com\/fr\/wp-json\/wp\/v2\/product_brand?post=968"},{"taxonomy":"product_cat","embeddable":true,"href":"https:\/\/conso-med.com\/fr\/wp-json\/wp\/v2\/product_cat?post=968"},{"taxonomy":"product_tag","embeddable":true,"href":"https:\/\/conso-med.com\/fr\/wp-json\/wp\/v2\/product_tag?post=968"}],"curies":[{"name":"wp","href":"https:\/\/api.w.org\/{rel}","templated":true}]}}