{"id":945,"date":"2024-01-11T13:19:18","date_gmt":"2024-01-11T13:19:18","guid":{"rendered":"http:\/\/conso-med.com\/?post_type=product&#038;p=945"},"modified":"2024-09-25T15:01:37","modified_gmt":"2024-09-25T15:01:37","slug":"clip-cap","status":"publish","type":"product","link":"https:\/\/conso-med.com\/fr\/produit\/clip-cap\/","title":{"rendered":"CHARLOTTE \u00c0 CLIP BLANCHE"},"content":{"rendered":"<p><strong><span style=\"color: #000000;\"><span class=\"label_prod\">R\u00c9F\u00c9RENCE DU PRODUIT :<\/span><span id=\"ctl04_lbl_ProductSKU_NBTE\" class=\"product_label\">2006<\/span><\/span><\/strong><\/p>\n<p>Nous avons d\u00e9velopp\u00e9 ces dispositifs d'isolation capillaire pour une meilleure protection de leurs utilisateurs.<\/p>\n<p>Charlotte \u00e0 clip disponible en plusieurs couleurs<\/p>\n<p>Con\u00e7ue en mati\u00e8re hypoallerg\u00e9nique, perm\u00e9ables \u00e0 l'air et sans odeur<\/p>\n<p>Adaptabilit\u00e9 et facile \u00e0 porter gr\u00e2ce \u00e0 sa mati\u00e8re extensible<\/p>\n<p>Article \u00e0 usage court, adapt\u00e9s aux t\u00e2ches demandant le respect strict des r\u00e8gles d'hygi\u00e8ne<\/p>\n<p>Facile \u00e0 stocker<\/p>","protected":false},"excerpt":{"rendered":"<p><strong><span style=\"color: #0000ff;\"><span class=\"label_prod\">R\u00c9F\u00c9RENCE DU PRODUIT :<\/span><span id=\"ctl04_lbl_ProductSKU_NBTE\" class=\"product_label\">2006<\/span><\/span><\/strong><\/p>","protected":false},"featured_media":950,"comment_status":"open","ping_status":"closed","template":"","meta":[],"product_brand":[],"product_cat":[59,103],"product_tag":[],"class_list":{"0":"post-945","1":"product","2":"type-product","3":"status-publish","4":"has-post-thumbnail","6":"product_cat-protection-devices","7":"product_cat-cap-clip-cap-surgeon-hood","9":"first","10":"instock","11":"shipping-taxable","12":"product-type-simple"},"_links":{"self":[{"href":"https:\/\/conso-med.com\/fr\/wp-json\/wp\/v2\/product\/945","targetHints":{"allow":["GET"]}}],"collection":[{"href":"https:\/\/conso-med.com\/fr\/wp-json\/wp\/v2\/product"}],"about":[{"href":"https:\/\/conso-med.com\/fr\/wp-json\/wp\/v2\/types\/product"}],"replies":[{"embeddable":true,"href":"https:\/\/conso-med.com\/fr\/wp-json\/wp\/v2\/comments?post=945"}],"wp:featuredmedia":[{"embeddable":true,"href":"https:\/\/conso-med.com\/fr\/wp-json\/wp\/v2\/media\/950"}],"wp:attachment":[{"href":"https:\/\/conso-med.com\/fr\/wp-json\/wp\/v2\/media?parent=945"}],"wp:term":[{"taxonomy":"product_brand","embeddable":true,"href":"https:\/\/conso-med.com\/fr\/wp-json\/wp\/v2\/product_brand?post=945"},{"taxonomy":"product_cat","embeddable":true,"href":"https:\/\/conso-med.com\/fr\/wp-json\/wp\/v2\/product_cat?post=945"},{"taxonomy":"product_tag","embeddable":true,"href":"https:\/\/conso-med.com\/fr\/wp-json\/wp\/v2\/product_tag?post=945"}],"curies":[{"name":"wp","href":"https:\/\/api.w.org\/{rel}","templated":true}]}}