{"id":933,"date":"2024-01-11T13:00:50","date_gmt":"2024-01-11T13:00:50","guid":{"rendered":"http:\/\/conso-med.com\/?post_type=product&#038;p=933"},"modified":"2024-09-24T09:04:02","modified_gmt":"2024-09-24T09:04:02","slug":"face-shield","status":"publish","type":"product","link":"https:\/\/conso-med.com\/fr\/produit\/face-shield\/","title":{"rendered":"Visi\u00e8re"},"content":{"rendered":"<p><strong>R\u00c9F\u00c9RENCE DU PRODUIT : 1423A<br \/>\n<\/strong><\/p>\n<p>Utilisation \u00e0 usage unique de 3 heures.<\/p>\n<p>Confortable et ajustable , Con\u00e7u de 3 plis qui favorise une respiration agr\u00e9able.<\/p>\n<p>Dot\u00e9 d'un syst\u00e8me de filtration efficace (99,8% de protection anti bacterienne).<\/p>\n<p><strong>\u00a0<\/strong><\/p>","protected":false},"excerpt":{"rendered":"<p><strong><span style=\"color: #0000ff;\">R\u00c9F\u00c9RENCE DU PRODUIT : 1423A<\/span><\/strong><\/p>","protected":false},"featured_media":935,"comment_status":"open","ping_status":"closed","template":"","meta":[],"product_brand":[],"product_cat":[59,102],"product_tag":[],"class_list":{"0":"post-933","1":"product","2":"type-product","3":"status-publish","4":"has-post-thumbnail","6":"product_cat-protection-devices","7":"product_cat-surgical-masks","9":"first","10":"instock","11":"shipping-taxable","12":"product-type-simple"},"_links":{"self":[{"href":"https:\/\/conso-med.com\/fr\/wp-json\/wp\/v2\/product\/933","targetHints":{"allow":["GET"]}}],"collection":[{"href":"https:\/\/conso-med.com\/fr\/wp-json\/wp\/v2\/product"}],"about":[{"href":"https:\/\/conso-med.com\/fr\/wp-json\/wp\/v2\/types\/product"}],"replies":[{"embeddable":true,"href":"https:\/\/conso-med.com\/fr\/wp-json\/wp\/v2\/comments?post=933"}],"wp:featuredmedia":[{"embeddable":true,"href":"https:\/\/conso-med.com\/fr\/wp-json\/wp\/v2\/media\/935"}],"wp:attachment":[{"href":"https:\/\/conso-med.com\/fr\/wp-json\/wp\/v2\/media?parent=933"}],"wp:term":[{"taxonomy":"product_brand","embeddable":true,"href":"https:\/\/conso-med.com\/fr\/wp-json\/wp\/v2\/product_brand?post=933"},{"taxonomy":"product_cat","embeddable":true,"href":"https:\/\/conso-med.com\/fr\/wp-json\/wp\/v2\/product_cat?post=933"},{"taxonomy":"product_tag","embeddable":true,"href":"https:\/\/conso-med.com\/fr\/wp-json\/wp\/v2\/product_tag?post=933"}],"curies":[{"name":"wp","href":"https:\/\/api.w.org\/{rel}","templated":true}]}}