{"id":931,"date":"2024-01-11T12:49:20","date_gmt":"2024-01-11T12:49:20","guid":{"rendered":"http:\/\/conso-med.com\/?post_type=product&#038;p=931"},"modified":"2024-09-25T15:26:10","modified_gmt":"2024-09-25T15:26:10","slug":"beard-cover","status":"publish","type":"product","link":"https:\/\/conso-med.com\/fr\/produit\/beard-cover\/","title":{"rendered":"CACHE BARBE"},"content":{"rendered":"<p><strong>R\u00c9F\u00c9RENCE DU PRODUIT : 27002<br \/>\n<\/strong><br \/>\nCache barbe \u00e0 usage unique, con\u00e7ue en tissu non tiss\u00e9e, assurant une protection hygi\u00e9nique optimale.<\/p>\n<p>A usage unique, con\u00e7ue en mati\u00e8re non tiss\u00e9.<\/p>\n<p>Assurant une protection hygi\u00e9nique optimale.<\/p>\n<p>Garantissant une haute r\u00e9sistance aux flammes, \u00e0 la fum\u00e9e et aux mati\u00e8res chimiques.<\/p>","protected":false},"excerpt":{"rendered":"<p><strong><span style=\"color: #0000ff;\">R\u00c9F\u00c9RENCE DU PRODUIT : 27002<\/span><br \/>\n<\/strong><\/p>","protected":false},"featured_media":932,"comment_status":"open","ping_status":"closed","template":"","meta":[],"product_brand":[],"product_cat":[59,105],"product_tag":[],"class_list":{"0":"post-931","1":"product","2":"type-product","3":"status-publish","4":"has-post-thumbnail","6":"product_cat-protection-devices","7":"product_cat-industrial-protection","9":"first","10":"instock","11":"shipping-taxable","12":"product-type-simple"},"_links":{"self":[{"href":"https:\/\/conso-med.com\/fr\/wp-json\/wp\/v2\/product\/931","targetHints":{"allow":["GET"]}}],"collection":[{"href":"https:\/\/conso-med.com\/fr\/wp-json\/wp\/v2\/product"}],"about":[{"href":"https:\/\/conso-med.com\/fr\/wp-json\/wp\/v2\/types\/product"}],"replies":[{"embeddable":true,"href":"https:\/\/conso-med.com\/fr\/wp-json\/wp\/v2\/comments?post=931"}],"wp:featuredmedia":[{"embeddable":true,"href":"https:\/\/conso-med.com\/fr\/wp-json\/wp\/v2\/media\/932"}],"wp:attachment":[{"href":"https:\/\/conso-med.com\/fr\/wp-json\/wp\/v2\/media?parent=931"}],"wp:term":[{"taxonomy":"product_brand","embeddable":true,"href":"https:\/\/conso-med.com\/fr\/wp-json\/wp\/v2\/product_brand?post=931"},{"taxonomy":"product_cat","embeddable":true,"href":"https:\/\/conso-med.com\/fr\/wp-json\/wp\/v2\/product_cat?post=931"},{"taxonomy":"product_tag","embeddable":true,"href":"https:\/\/conso-med.com\/fr\/wp-json\/wp\/v2\/product_tag?post=931"}],"curies":[{"name":"wp","href":"https:\/\/api.w.org\/{rel}","templated":true}]}}