{"id":925,"date":"2024-01-11T12:39:47","date_gmt":"2024-01-11T12:39:47","guid":{"rendered":"http:\/\/conso-med.com\/?post_type=product&#038;p=925"},"modified":"2024-01-11T12:46:00","modified_gmt":"2024-01-11T12:46:00","slug":"literary-kit","status":"publish","type":"product","link":"https:\/\/conso-med.com\/fr\/produit\/literary-kit\/","title":{"rendered":"KIT LIT"},"content":{"rendered":"<p>Kit Lit \u00e0 usage unique fourni avec housse brancard, drap et coussin en tissu non tiss\u00e9 spunlace hypoallerg\u00e9nique<\/p>\n<p>Bord \u00e9lastique de fixation aux extr\u00e9mit\u00e9s<\/p>\n<p>Trait\u00e9e pour une meilleure r\u00e9sistance aux liquides \u00e0 faible tension de surface.<\/p>","protected":false},"excerpt":{"rendered":"<p>Stretcher Lit for single use , non-woven spunlace stretcher cover, drape and pillow hypoallergenic. Elastic edge attachement at the ends. Treated for a better resistance to liquids with low tension surface.<\/p>","protected":false},"featured_media":926,"comment_status":"open","ping_status":"closed","template":"","meta":[],"product_brand":[],"product_cat":[59,60],"product_tag":[],"class_list":{"0":"post-925","1":"product","2":"type-product","3":"status-publish","4":"has-post-thumbnail","6":"product_cat-protection-devices","7":"product_cat-kit","9":"first","10":"instock","11":"shipping-taxable","12":"product-type-simple"},"_links":{"self":[{"href":"https:\/\/conso-med.com\/fr\/wp-json\/wp\/v2\/product\/925","targetHints":{"allow":["GET"]}}],"collection":[{"href":"https:\/\/conso-med.com\/fr\/wp-json\/wp\/v2\/product"}],"about":[{"href":"https:\/\/conso-med.com\/fr\/wp-json\/wp\/v2\/types\/product"}],"replies":[{"embeddable":true,"href":"https:\/\/conso-med.com\/fr\/wp-json\/wp\/v2\/comments?post=925"}],"wp:featuredmedia":[{"embeddable":true,"href":"https:\/\/conso-med.com\/fr\/wp-json\/wp\/v2\/media\/926"}],"wp:attachment":[{"href":"https:\/\/conso-med.com\/fr\/wp-json\/wp\/v2\/media?parent=925"}],"wp:term":[{"taxonomy":"product_brand","embeddable":true,"href":"https:\/\/conso-med.com\/fr\/wp-json\/wp\/v2\/product_brand?post=925"},{"taxonomy":"product_cat","embeddable":true,"href":"https:\/\/conso-med.com\/fr\/wp-json\/wp\/v2\/product_cat?post=925"},{"taxonomy":"product_tag","embeddable":true,"href":"https:\/\/conso-med.com\/fr\/wp-json\/wp\/v2\/product_tag?post=925"}],"curies":[{"name":"wp","href":"https:\/\/api.w.org\/{rel}","templated":true}]}}