{"id":913,"date":"2024-01-11T07:32:59","date_gmt":"2024-01-11T07:32:59","guid":{"rendered":"http:\/\/conso-med.com\/?post_type=product&#038;p=913"},"modified":"2024-01-11T07:33:03","modified_gmt":"2024-01-11T07:33:03","slug":"stretcher-kit","status":"publish","type":"product","link":"https:\/\/conso-med.com\/fr\/produit\/stretcher-kit\/","title":{"rendered":"KIT BRANCARD"},"content":{"rendered":"<p>Kit brancard \u00e0 usage unique fourni avec housse brancard et coussin en tissu non tiss\u00e9 hypoallerg\u00e9nique.<\/p>\n<p>Bord \u00e9lastique avec liens de fixation aux extr\u00e9mit\u00e9s.<\/p>\n<p>Trait\u00e9e pour une meilleure r\u00e9sistance aux liquides \u00e0 faible tension de surface.<\/p>","protected":false},"excerpt":{"rendered":"<p>Kit brancard \u00e0 usage unique fourni avec housse brancard et coussin en tissu non tiss\u00e9 hypoallerg\u00e9nique.\n\nBord \u00e9lastique avec liens de fixation aux extr\u00e9mit\u00e9s.\n\nCon\u00e7u pour une meilleur r\u00e9sistance aux liquides \u00e0 faible tension de surface.<\/p>","protected":false},"featured_media":914,"comment_status":"open","ping_status":"closed","template":"","meta":[],"product_brand":[],"product_cat":[59,60],"product_tag":[],"class_list":{"0":"post-913","1":"product","2":"type-product","3":"status-publish","4":"has-post-thumbnail","6":"product_cat-protection-devices","7":"product_cat-kit","9":"first","10":"instock","11":"shipping-taxable","12":"product-type-simple"},"_links":{"self":[{"href":"https:\/\/conso-med.com\/fr\/wp-json\/wp\/v2\/product\/913","targetHints":{"allow":["GET"]}}],"collection":[{"href":"https:\/\/conso-med.com\/fr\/wp-json\/wp\/v2\/product"}],"about":[{"href":"https:\/\/conso-med.com\/fr\/wp-json\/wp\/v2\/types\/product"}],"replies":[{"embeddable":true,"href":"https:\/\/conso-med.com\/fr\/wp-json\/wp\/v2\/comments?post=913"}],"wp:featuredmedia":[{"embeddable":true,"href":"https:\/\/conso-med.com\/fr\/wp-json\/wp\/v2\/media\/914"}],"wp:attachment":[{"href":"https:\/\/conso-med.com\/fr\/wp-json\/wp\/v2\/media?parent=913"}],"wp:term":[{"taxonomy":"product_brand","embeddable":true,"href":"https:\/\/conso-med.com\/fr\/wp-json\/wp\/v2\/product_brand?post=913"},{"taxonomy":"product_cat","embeddable":true,"href":"https:\/\/conso-med.com\/fr\/wp-json\/wp\/v2\/product_cat?post=913"},{"taxonomy":"product_tag","embeddable":true,"href":"https:\/\/conso-med.com\/fr\/wp-json\/wp\/v2\/product_tag?post=913"}],"curies":[{"name":"wp","href":"https:\/\/api.w.org\/{rel}","templated":true}]}}