{"id":912,"date":"2024-01-11T07:48:14","date_gmt":"2024-01-11T07:48:14","guid":{"rendered":"http:\/\/conso-med.com\/?post_type=product&#038;p=912"},"modified":"2025-07-14T14:06:39","modified_gmt":"2025-07-14T14:06:39","slug":"distributor","status":"publish","type":"product","link":"https:\/\/conso-med.com\/fr\/produit\/distributor\/","title":{"rendered":"DISTRIBUTEUR"},"content":{"rendered":"<p><span style=\"color: #000000;\">En Collaboration avec le personnel des blocs op\u00e9ratoires, <span style=\"color: #0000ff;\">CONSOMED\u00a0<\/span>a d\u00e9velopp\u00e9 un distributeur de dispositifs \u00e0 usage unique qu'elle met gracieusement \u00e0 disposition de ses partenaires.<br \/>\nFonctionnel et ergonomique, il permet une utilisation pratique et hygi\u00e9nique des produits de protection de la t\u00e8te, du visage et des pieds.<\/span><\/p>\n<p><span style=\"color: #000000;\">Facile \u00e0 installer aux entr\u00e9es des espaces n\u00e9cessitant un stricte respect des r\u00e8gles d'hygi\u00e8nes (bloc op\u00e9ratoire, \u00e9tablissements religieux, \u00e9coles...)<\/span><\/p>","protected":false},"excerpt":{"rendered":"<p><span style=\"color: #0000ff;\">CONSOMED<b>\u00ae<\/b> <span style=\"color: #000000;\">CR\u00c9ATION BREVET\u00c9E<\/span><\/span><\/p>","protected":false},"featured_media":1241,"comment_status":"open","ping_status":"closed","template":"","meta":[],"product_brand":[],"product_cat":[88],"product_tag":[],"class_list":{"0":"post-912","1":"product","2":"type-product","3":"status-publish","4":"has-post-thumbnail","6":"product_cat-distributor","8":"first","9":"instock","10":"shipping-taxable","11":"product-type-simple"},"_links":{"self":[{"href":"https:\/\/conso-med.com\/fr\/wp-json\/wp\/v2\/product\/912","targetHints":{"allow":["GET"]}}],"collection":[{"href":"https:\/\/conso-med.com\/fr\/wp-json\/wp\/v2\/product"}],"about":[{"href":"https:\/\/conso-med.com\/fr\/wp-json\/wp\/v2\/types\/product"}],"replies":[{"embeddable":true,"href":"https:\/\/conso-med.com\/fr\/wp-json\/wp\/v2\/comments?post=912"}],"wp:featuredmedia":[{"embeddable":true,"href":"https:\/\/conso-med.com\/fr\/wp-json\/wp\/v2\/media\/1241"}],"wp:attachment":[{"href":"https:\/\/conso-med.com\/fr\/wp-json\/wp\/v2\/media?parent=912"}],"wp:term":[{"taxonomy":"product_brand","embeddable":true,"href":"https:\/\/conso-med.com\/fr\/wp-json\/wp\/v2\/product_brand?post=912"},{"taxonomy":"product_cat","embeddable":true,"href":"https:\/\/conso-med.com\/fr\/wp-json\/wp\/v2\/product_cat?post=912"},{"taxonomy":"product_tag","embeddable":true,"href":"https:\/\/conso-med.com\/fr\/wp-json\/wp\/v2\/product_tag?post=912"}],"curies":[{"name":"wp","href":"https:\/\/api.w.org\/{rel}","templated":true}]}}