{"id":890,"date":"2024-01-05T14:26:53","date_gmt":"2024-01-05T14:26:53","guid":{"rendered":"http:\/\/conso-med.com\/?post_type=product&#038;p=890"},"modified":"2024-09-26T07:59:52","modified_gmt":"2024-09-26T07:59:52","slug":"visitor-kit","status":"publish","type":"product","link":"https:\/\/conso-med.com\/fr\/produit\/visitor-kit\/","title":{"rendered":"KIT VISITEUR"},"content":{"rendered":"<p><strong>R\u00c9F\u00c9RENCE DU PRODUIT : 28007<br \/>\nR\u00c9F\u00c9RENCE DU PRODUIT : 28016<\/strong><\/p>\n<p>Kit visiteur compos\u00e9 d'une charlotte clip, d'un masque, d'une blouse et d'une paire de couvre-chaussures.<\/p>\n<p>Latex free items, guarantees air permeability.<\/p>\n<p>Dispositif universel de protection efficace, il est recommand\u00e9 pour le milieu m\u00e9dical et industries chimiques ou agro alimentaires<\/p>\n<p>Con\u00e7u en tissus non tiss\u00e9 hypoallerg\u00e9nique assurant le confort patient<\/p>","protected":false},"excerpt":{"rendered":"<p><strong><span style=\"color: #0000ff;\">R\u00c9F\u00c9RENCE DU PRODUIT : 28007 \/ 28016<\/span><\/strong><\/p>","protected":false},"featured_media":891,"comment_status":"open","ping_status":"closed","template":"","meta":[],"product_brand":[],"product_cat":[59,106],"product_tag":[],"class_list":{"0":"post-890","1":"product","2":"type-product","3":"status-publish","4":"has-post-thumbnail","6":"product_cat-protection-devices","7":"product_cat-gown","9":"first","10":"instock","11":"shipping-taxable","12":"product-type-simple"},"_links":{"self":[{"href":"https:\/\/conso-med.com\/fr\/wp-json\/wp\/v2\/product\/890","targetHints":{"allow":["GET"]}}],"collection":[{"href":"https:\/\/conso-med.com\/fr\/wp-json\/wp\/v2\/product"}],"about":[{"href":"https:\/\/conso-med.com\/fr\/wp-json\/wp\/v2\/types\/product"}],"replies":[{"embeddable":true,"href":"https:\/\/conso-med.com\/fr\/wp-json\/wp\/v2\/comments?post=890"}],"wp:featuredmedia":[{"embeddable":true,"href":"https:\/\/conso-med.com\/fr\/wp-json\/wp\/v2\/media\/891"}],"wp:attachment":[{"href":"https:\/\/conso-med.com\/fr\/wp-json\/wp\/v2\/media?parent=890"}],"wp:term":[{"taxonomy":"product_brand","embeddable":true,"href":"https:\/\/conso-med.com\/fr\/wp-json\/wp\/v2\/product_brand?post=890"},{"taxonomy":"product_cat","embeddable":true,"href":"https:\/\/conso-med.com\/fr\/wp-json\/wp\/v2\/product_cat?post=890"},{"taxonomy":"product_tag","embeddable":true,"href":"https:\/\/conso-med.com\/fr\/wp-json\/wp\/v2\/product_tag?post=890"}],"curies":[{"name":"wp","href":"https:\/\/api.w.org\/{rel}","templated":true}]}}