{"id":880,"date":"2024-01-05T13:22:27","date_gmt":"2024-01-05T13:22:27","guid":{"rendered":"http:\/\/conso-med.com\/?post_type=product&#038;p=880"},"modified":"2024-09-26T08:02:40","modified_gmt":"2024-09-26T08:02:40","slug":"block-suit","status":"publish","type":"product","link":"https:\/\/conso-med.com\/fr\/produit\/block-suit\/","title":{"rendered":"TENUE DE BLOC SMMS"},"content":{"rendered":"<div class=\"description_title\"><strong><strong><span style=\"color: #000000;\">R\u00c9F\u00c9RENCE DU PRODUIT : 9006<\/span><br \/>\n<span style=\"color: #000000;\">TAILLE : S \/ M \/ L = 100 PCS \/ CARTON<\/span><\/strong><\/strong>&nbsp;<\/p>\n<p>Tenue de bloc en SMMS \u00e0 usage unique hypoallerg\u00e9nique<br \/>\nCon\u00e7ue au cadre m\u00e9dical, indispensable en bloc op\u00e9ratoire<br \/>\nLa tenue de bloc est une excellente barri\u00e8re de protection hygi\u00e9nique contre les projections et les diff\u00e9rentes souillures.\n\nPr\u00e9sentation en Kit (marni\u00e8re+pantalon)<\/p><\/div>","protected":false},"excerpt":{"rendered":"<p><strong><span style=\"color: #0000ff;\">R\u00c9F\u00c9RENCE DU PRODUIT : 9006<\/span><br \/>\n<\/strong><\/p>","protected":false},"featured_media":881,"comment_status":"open","ping_status":"closed","template":"","meta":[],"product_brand":[],"product_cat":[59,106],"product_tag":[],"class_list":{"0":"post-880","1":"product","2":"type-product","3":"status-publish","4":"has-post-thumbnail","6":"product_cat-protection-devices","7":"product_cat-gown","9":"first","10":"instock","11":"shipping-taxable","12":"product-type-simple"},"_links":{"self":[{"href":"https:\/\/conso-med.com\/fr\/wp-json\/wp\/v2\/product\/880","targetHints":{"allow":["GET"]}}],"collection":[{"href":"https:\/\/conso-med.com\/fr\/wp-json\/wp\/v2\/product"}],"about":[{"href":"https:\/\/conso-med.com\/fr\/wp-json\/wp\/v2\/types\/product"}],"replies":[{"embeddable":true,"href":"https:\/\/conso-med.com\/fr\/wp-json\/wp\/v2\/comments?post=880"}],"wp:featuredmedia":[{"embeddable":true,"href":"https:\/\/conso-med.com\/fr\/wp-json\/wp\/v2\/media\/881"}],"wp:attachment":[{"href":"https:\/\/conso-med.com\/fr\/wp-json\/wp\/v2\/media?parent=880"}],"wp:term":[{"taxonomy":"product_brand","embeddable":true,"href":"https:\/\/conso-med.com\/fr\/wp-json\/wp\/v2\/product_brand?post=880"},{"taxonomy":"product_cat","embeddable":true,"href":"https:\/\/conso-med.com\/fr\/wp-json\/wp\/v2\/product_cat?post=880"},{"taxonomy":"product_tag","embeddable":true,"href":"https:\/\/conso-med.com\/fr\/wp-json\/wp\/v2\/product_tag?post=880"}],"curies":[{"name":"wp","href":"https:\/\/api.w.org\/{rel}","templated":true}]}}