{"id":872,"date":"2024-01-05T11:07:46","date_gmt":"2024-01-05T11:07:46","guid":{"rendered":"http:\/\/conso-med.com\/?post_type=product&#038;p=872"},"modified":"2024-09-26T08:00:02","modified_gmt":"2024-09-26T08:00:02","slug":"patient-kit","status":"publish","type":"product","link":"https:\/\/conso-med.com\/fr\/produit\/patient-kit\/","title":{"rendered":"KIT PATIENT"},"content":{"rendered":"<p><strong>R\u00c9F\u00c9RENCE DU PRODUIT : 6148S<br \/>\n<\/strong><br \/>\nKit patient compos\u00e9 d'une blouse sans manche \u00e0 usage unique fournie avec charlotte clip et une culotte et non tiss\u00e9 hypoallerg\u00e9nique.<\/p>\n<p>Conception ergonomique, assurant confort et grande libert\u00e9 de mouvement.<\/p>\n<p>Trait\u00e9e pour une meilleure r\u00e9sistance aux liquides \u00e0 faible tension de surface.<\/p>","protected":false},"excerpt":{"rendered":"<p><strong><span style=\"color: #0000ff;\">R\u00c9F\u00c9RENCE DU PRODUIT : 6148S<\/span><br \/>\n<\/strong><\/p>","protected":false},"featured_media":874,"comment_status":"open","ping_status":"closed","template":"","meta":[],"product_brand":[],"product_cat":[59,106],"product_tag":[],"class_list":{"0":"post-872","1":"product","2":"type-product","3":"status-publish","4":"has-post-thumbnail","6":"product_cat-protection-devices","7":"product_cat-gown","9":"first","10":"instock","11":"shipping-taxable","12":"product-type-simple"},"_links":{"self":[{"href":"https:\/\/conso-med.com\/fr\/wp-json\/wp\/v2\/product\/872","targetHints":{"allow":["GET"]}}],"collection":[{"href":"https:\/\/conso-med.com\/fr\/wp-json\/wp\/v2\/product"}],"about":[{"href":"https:\/\/conso-med.com\/fr\/wp-json\/wp\/v2\/types\/product"}],"replies":[{"embeddable":true,"href":"https:\/\/conso-med.com\/fr\/wp-json\/wp\/v2\/comments?post=872"}],"wp:featuredmedia":[{"embeddable":true,"href":"https:\/\/conso-med.com\/fr\/wp-json\/wp\/v2\/media\/874"}],"wp:attachment":[{"href":"https:\/\/conso-med.com\/fr\/wp-json\/wp\/v2\/media?parent=872"}],"wp:term":[{"taxonomy":"product_brand","embeddable":true,"href":"https:\/\/conso-med.com\/fr\/wp-json\/wp\/v2\/product_brand?post=872"},{"taxonomy":"product_cat","embeddable":true,"href":"https:\/\/conso-med.com\/fr\/wp-json\/wp\/v2\/product_cat?post=872"},{"taxonomy":"product_tag","embeddable":true,"href":"https:\/\/conso-med.com\/fr\/wp-json\/wp\/v2\/product_tag?post=872"}],"curies":[{"name":"wp","href":"https:\/\/api.w.org\/{rel}","templated":true}]}}