{"id":1377,"date":"2024-09-24T10:26:30","date_gmt":"2024-09-24T10:26:30","guid":{"rendered":"http:\/\/conso-med.com\/?post_type=product&#038;p=1377"},"modified":"2026-05-09T18:07:11","modified_gmt":"2026-05-09T18:07:11","slug":"perfumed-masks-and-bibs","status":"publish","type":"product","link":"https:\/\/conso-med.com\/fr\/produit\/perfumed-masks-and-bibs\/","title":{"rendered":"MASQUES ET BAVETTES PARFUM\u00c9S"},"content":{"rendered":"<p>Notre d\u00e9partement de recherche et de d\u00e9veloppement a mis au point des masques et bavettes dot\u00e9s d'une nouvelle technologie \"des microcapsules parfum\u00e9es\"<br \/>\nLe parfum se lib\u00e9re uniquement lorsque les microcapsules sont press\u00e9es.<br \/>\nDispositifs tr\u00e9s pratiques pour certains actes ou dans des milieux avec une nuisance olfactive particuli\u00e9re.<\/p>","protected":false},"excerpt":{"rendered":"<p style=\"text-align: left;\"><em><span style=\"color: #0000ff; font-size: 10pt;\"><strong><span style=\"color: #0000ff;\">Articles brevet\u00e9s par les laboratoires CONSOMED\u00ae<\/span><\/strong><\/span><\/em><\/p>","protected":false},"featured_media":1378,"comment_status":"open","ping_status":"closed","template":"","meta":[],"product_brand":[],"product_cat":[59,102],"product_tag":[],"class_list":{"0":"post-1377","1":"product","2":"type-product","3":"status-publish","4":"has-post-thumbnail","6":"product_cat-protection-devices","7":"product_cat-surgical-masks","9":"first","10":"instock","11":"shipping-taxable","12":"product-type-simple"},"_links":{"self":[{"href":"https:\/\/conso-med.com\/fr\/wp-json\/wp\/v2\/product\/1377","targetHints":{"allow":["GET"]}}],"collection":[{"href":"https:\/\/conso-med.com\/fr\/wp-json\/wp\/v2\/product"}],"about":[{"href":"https:\/\/conso-med.com\/fr\/wp-json\/wp\/v2\/types\/product"}],"replies":[{"embeddable":true,"href":"https:\/\/conso-med.com\/fr\/wp-json\/wp\/v2\/comments?post=1377"}],"wp:featuredmedia":[{"embeddable":true,"href":"https:\/\/conso-med.com\/fr\/wp-json\/wp\/v2\/media\/1378"}],"wp:attachment":[{"href":"https:\/\/conso-med.com\/fr\/wp-json\/wp\/v2\/media?parent=1377"}],"wp:term":[{"taxonomy":"product_brand","embeddable":true,"href":"https:\/\/conso-med.com\/fr\/wp-json\/wp\/v2\/product_brand?post=1377"},{"taxonomy":"product_cat","embeddable":true,"href":"https:\/\/conso-med.com\/fr\/wp-json\/wp\/v2\/product_cat?post=1377"},{"taxonomy":"product_tag","embeddable":true,"href":"https:\/\/conso-med.com\/fr\/wp-json\/wp\/v2\/product_tag?post=1377"}],"curies":[{"name":"wp","href":"https:\/\/api.w.org\/{rel}","templated":true}]}}