{"id":1253,"date":"2024-02-02T10:20:40","date_gmt":"2024-02-02T10:20:40","guid":{"rendered":"http:\/\/conso-med.com\/?post_type=product&#038;p=1253"},"modified":"2025-07-14T13:59:12","modified_gmt":"2025-07-14T13:59:12","slug":"flat-roll-sterilization-sheath","status":"publish","type":"product","link":"https:\/\/conso-med.com\/fr\/produit\/flat-roll-sterilization-sheath\/","title":{"rendered":"Gaine rouleau plate de st\u00e9rilisation"},"content":{"rendered":"<p><span style=\"color: #0000ff;\"><strong>Gaines en rouleaux sont destin\u00e9s \u00e0 emballer et prot\u00e9ger les instruments m\u00e9dico-chirurgicaux lors de leur st\u00e9rilisation \u00e0 la vapeur ou \u00e0 l'oxyde d'\u00e9thyl\u00e8ne.<\/strong><\/span><\/p>\n<p>&nbsp;<\/p>\n<table style=\"height: 372px;\" width=\"486\">\n<tbody>\n<tr>\n<td><span style=\"color: #0000ff;\">Codes produit<\/span><\/td>\n<td><span style=\"color: #0000ff;\">\u00a0D\u00c9SIGNATION<\/span><\/td>\n<td><span style=\"color: #0000ff;\">\u00a0CONDITIONNEMENT<\/span><\/td>\n<\/tr>\n<tr>\n<td>GRP075200<\/td>\n<td>75mm x 200m<\/td>\n<td>8 rlx \/ carton<\/td>\n<\/tr>\n<tr>\n<td><span style=\"color: #0000ff;\">GRP100200<\/span><\/td>\n<td><span style=\"color: #0000ff;\">100mm x 200m<\/span><\/td>\n<td><span style=\"color: #0000ff;\">6 rlx \/ carton<\/span><\/td>\n<\/tr>\n<tr>\n<td>GRP150200<\/td>\n<td>150mm x 200m<\/td>\n<td>4 rlx \/ carton<\/td>\n<\/tr>\n<tr>\n<td><span style=\"color: #0000ff;\">GRP200200<\/span><\/td>\n<td><span style=\"color: #0000ff;\">200mm x 200m<\/span><\/td>\n<td><span style=\"color: #0000ff;\">4 rlx \/ carton<\/span><\/td>\n<\/tr>\n<tr>\n<td>GRP250200<\/td>\n<td>250mm x 200m<\/td>\n<td>4 rlx \/ carton<\/td>\n<\/tr>\n<tr>\n<td><span style=\"color: #0000ff;\">GRP300200<\/span><\/td>\n<td><span style=\"color: #0000ff;\">300mm x 200m<\/span><\/td>\n<td><span style=\"color: #0000ff;\">2 rlx \/ carton<\/span><\/td>\n<\/tr>\n<tr>\n<td>GRP350200<\/td>\n<td>350mm x 200m<\/td>\n<td>2 rlx \/ carton<\/td>\n<\/tr>\n<tr>\n<td><span style=\"color: #0000ff;\">GRP400200<\/span><\/td>\n<td><span style=\"color: #0000ff;\">400mm x 200m<\/span><\/td>\n<td><span style=\"color: #0000ff;\">2 rlx \/ carton<\/span><\/td>\n<\/tr>\n<tr>\n<td>GRP450200<\/td>\n<td>450mm x 200m<\/td>\n<td>2 rlx \/ carton<\/td>\n<\/tr>\n<\/tbody>\n<\/table>\n<p>&nbsp;<\/p>","protected":false},"excerpt":{"rendered":"<p><span style=\"color: #0000ff;\"><strong>Gaines en rouleaux sont destin\u00e9s \u00e0 emballer et prot\u00e9ger les instruments m\u00e9dico-chirurgicaux lors de leur st\u00e9rilisation \u00e0 la vapeur ou \u00e0 l'oxyde d'\u00e9thyl\u00e8ne.<\/strong><\/span><\/p>","protected":false},"featured_media":1254,"comment_status":"open","ping_status":"closed","template":"","meta":[],"product_brand":[],"product_cat":[87],"product_tag":[],"class_list":{"0":"post-1253","1":"product","2":"type-product","3":"status-publish","4":"has-post-thumbnail","6":"product_cat-packaging-item","8":"first","9":"instock","10":"shipping-taxable","11":"product-type-simple"},"_links":{"self":[{"href":"https:\/\/conso-med.com\/fr\/wp-json\/wp\/v2\/product\/1253","targetHints":{"allow":["GET"]}}],"collection":[{"href":"https:\/\/conso-med.com\/fr\/wp-json\/wp\/v2\/product"}],"about":[{"href":"https:\/\/conso-med.com\/fr\/wp-json\/wp\/v2\/types\/product"}],"replies":[{"embeddable":true,"href":"https:\/\/conso-med.com\/fr\/wp-json\/wp\/v2\/comments?post=1253"}],"wp:featuredmedia":[{"embeddable":true,"href":"https:\/\/conso-med.com\/fr\/wp-json\/wp\/v2\/media\/1254"}],"wp:attachment":[{"href":"https:\/\/conso-med.com\/fr\/wp-json\/wp\/v2\/media?parent=1253"}],"wp:term":[{"taxonomy":"product_brand","embeddable":true,"href":"https:\/\/conso-med.com\/fr\/wp-json\/wp\/v2\/product_brand?post=1253"},{"taxonomy":"product_cat","embeddable":true,"href":"https:\/\/conso-med.com\/fr\/wp-json\/wp\/v2\/product_cat?post=1253"},{"taxonomy":"product_tag","embeddable":true,"href":"https:\/\/conso-med.com\/fr\/wp-json\/wp\/v2\/product_tag?post=1253"}],"curies":[{"name":"wp","href":"https:\/\/api.w.org\/{rel}","templated":true}]}}