{"id":1226,"date":"2024-02-01T08:40:17","date_gmt":"2024-02-01T08:40:17","guid":{"rendered":"http:\/\/conso-med.com\/?post_type=product&#038;p=1226"},"modified":"2025-07-14T14:18:22","modified_gmt":"2025-07-14T14:18:22","slug":"kit-covid-19","status":"publish","type":"product","link":"https:\/\/conso-med.com\/fr\/produit\/kit-covid-19\/","title":{"rendered":"COVID-19 KIT"},"content":{"rendered":"<p><strong><span style=\"color: #0000ff;\">SP\u00c9CIFICATION DU PRODUCT:<br \/>\n<\/span><\/strong><span style=\"color: #0000ff;\"><span style=\"color: #008080;\"><span style=\"color: #000000;\">Le kit de pr\u00e9vention des maladies infectieuses pour le coronavirus, \u00c9bola, la grippe, la grippe porcine ou la grippe aviaire.<br \/>\nNotre trousse de pr\u00e9vention personnelle comprend tout ce que vous avez besoin pour pr\u00e9venir la propagation.<br \/>\n<\/span><\/span><\/span><span style=\"color: #0000ff;\"><span style=\"color: #000000;\">Les lunettes de s\u00e9curit\u00e9 sont dot\u00e9es de bouchons d'a\u00e9ration lat\u00e9raux pour emp\u00eacher les liquides de p\u00e9n\u00e9trer.<br \/>\n<\/span><\/span><strong><span style=\"color: #0000ff;\">KIT DE PROTECTION COVID-19 :<br \/>\n<\/span><\/strong><span style=\"color: #0000ff;\"><span style=\"color: #000000;\">LE KIT COMPREND :<br \/>\n<\/span><\/span><span style=\"color: #0000ff;\"><span style=\"color: #000000;\">1- Combinaison Jetable<br \/>\n1- Clip Cap Blanc<br \/>\n<\/span><\/span><span style=\"color: #0000ff;\"><span style=\"color: #000000;\">1- Bavette Lacets Bleu<br \/>\n1- Paire De Gant D'examen<br \/>\n1- Paire Couvre Chaussure<br \/>\n1- Sac D'assemblage<br \/>\n<\/span><\/span><strong><span style=\"color: #0000ff;\"><span style=\"color: #0000ff;\">Kit D'intervention COVID-19 :<br \/>\n<\/span><\/span><\/strong><span style=\"color: #000000;\">LE KIT COMPREND :<br \/>\n1- Combinaison Jetable<br \/>\n1- Cagoule De Chirurgien Blanc<br \/>\n1- Masque KN95<br \/>\n2- Paires De Gant D'examen<br \/>\n1- Paire Couvre Chaussure<br \/>\n2- Paire Couvre Botte<br \/>\n1- Sac D'assemblage<br \/>\n<strong><span style=\"color: #0000ff;\">Kit \u00c9pid\u00e9mie COVID-19 :<br \/>\n<\/span><\/strong><span style=\"color: #000000;\">LE KIT COMPREND :<br \/>\n1- Combinaison Jetable<br \/>\n1- Cagoule De Chirurgien Blanc<br \/>\n1- Visi\u00e8re De Protection<br \/>\n1- Paire Couvre Chaussure<br \/>\n2- Paires De Gant D'examen<br \/>\n1- Paire Couvre Chaussure<br \/>\n2- Paire Couvre Botte<br \/>\n1- Masque Tie On<br \/>\n1- Blouse Plastique<br \/>\n1- Sac D'assemblage<\/span><\/span><\/p>\n<p><strong>NB: LES KITS PEUVENT \u00caTRE COMPOS\u00c9ES SELON LE BESOIN DU PERSONNEL SOIGNANT.<\/strong><\/p>","protected":false},"excerpt":{"rendered":"<p><span style=\"color: #0000ff;\"><span style=\"color: #008080;\"><span style=\"color: #000000;\"><strong>Notre trousse de pr\u00e9vention personnelle comprend tout ce que vous avez besoin pour pr\u00e9venir la propagation.<\/strong><br \/>\n<\/span><\/span><\/span><\/p>","protected":false},"featured_media":1227,"comment_status":"open","ping_status":"closed","template":"","meta":[],"product_brand":[],"product_cat":[106],"product_tag":[],"class_list":{"0":"post-1226","1":"product","2":"type-product","3":"status-publish","4":"has-post-thumbnail","6":"product_cat-gown","8":"first","9":"instock","10":"shipping-taxable","11":"product-type-simple"},"_links":{"self":[{"href":"https:\/\/conso-med.com\/fr\/wp-json\/wp\/v2\/product\/1226","targetHints":{"allow":["GET"]}}],"collection":[{"href":"https:\/\/conso-med.com\/fr\/wp-json\/wp\/v2\/product"}],"about":[{"href":"https:\/\/conso-med.com\/fr\/wp-json\/wp\/v2\/types\/product"}],"replies":[{"embeddable":true,"href":"https:\/\/conso-med.com\/fr\/wp-json\/wp\/v2\/comments?post=1226"}],"wp:featuredmedia":[{"embeddable":true,"href":"https:\/\/conso-med.com\/fr\/wp-json\/wp\/v2\/media\/1227"}],"wp:attachment":[{"href":"https:\/\/conso-med.com\/fr\/wp-json\/wp\/v2\/media?parent=1226"}],"wp:term":[{"taxonomy":"product_brand","embeddable":true,"href":"https:\/\/conso-med.com\/fr\/wp-json\/wp\/v2\/product_brand?post=1226"},{"taxonomy":"product_cat","embeddable":true,"href":"https:\/\/conso-med.com\/fr\/wp-json\/wp\/v2\/product_cat?post=1226"},{"taxonomy":"product_tag","embeddable":true,"href":"https:\/\/conso-med.com\/fr\/wp-json\/wp\/v2\/product_tag?post=1226"}],"curies":[{"name":"wp","href":"https:\/\/api.w.org\/{rel}","templated":true}]}}