{"id":1184,"date":"2024-01-31T11:27:22","date_gmt":"2024-01-31T11:27:22","guid":{"rendered":"http:\/\/conso-med.com\/?post_type=product&#038;p=1184"},"modified":"2025-07-14T14:15:43","modified_gmt":"2025-07-14T14:15:43","slug":"respiratory-care","status":"publish","type":"product","link":"https:\/\/conso-med.com\/fr\/produit\/respiratory-care\/","title":{"rendered":"SOIN RESPIRATOIRE"},"content":{"rendered":"<p><strong><span style=\"color: #3366ff;\">MASQUE \u00c0 OXYG\u00c9NE:<\/span><br \/>\n<\/strong><span style=\"color: #000000;\">Con\u00e7u pour l'oxyg\u00e9noth\u00e9rapie des patients.<\/span><br \/>\n<span style=\"color: #000000;\">Le masque souple s'adapte confortablement au visage du patient.<\/span><br \/>\n<span style=\"color: #000000;\">Sangle \u00e9lastique r\u00e9glable pour un positionnement correct du masque sur la zone nasale.<\/span><strong><br \/>\n<strong><span style=\"color: #3366ff;\">MASQUE \u00c0 OXYG\u00c9NE AVEC N\u00c9BULISATEUR:<br \/>\n<\/span><\/strong><\/strong><span style=\"color: #3366ff;\"><span style=\"color: #000000;\">Le kit comprend une chambre de n\u00e9bulisation pour contenir le m\u00e9dicament sous forme liquide avec un \u00e9vent en forme d'entonnoir.<br \/>\nN\u00e9bulise 2 cc en 10 minutes en position horizontale ou verticale pour le confort du patient.<br \/>\n<strong><span style=\"color: #3366ff;\">LUNETTE NASALE \u00c0 OXYG\u00c9NE:<br \/>\n<\/span><\/strong><span style=\"color: #3366ff;\"><span style=\"color: #000000;\">Convient pour une application facile et une administration efficace de la concentration en oxyg\u00e8ne.<br \/>\n<\/span><\/span>Le syst\u00e8me de fixation offre une libert\u00e9 maximale aux patients et laisse la bouche du patient libre pour la nutrition et la communication<br \/>\nLes embouts nasaux doubles sont con\u00e7us pour assurer un volume d'oxyg\u00e8ne \u00e9gal dans les deux voies respiratoires du patient.<br \/>\nLe connecteur souple en forme d'entonnoir facilite la connexion \u00e0 la source d'oxyg\u00e8ne.<\/span><\/span><\/p>\n<p>&nbsp;<\/p>\n<p>&nbsp;<\/p>","protected":false},"excerpt":{"rendered":"<p><strong><span style=\"color: #0000ff;\">Oxygen Mask \/<br \/>\nOxygen Mask With Nebulizer \/<br \/>\nLUNETTE NASALE \u00c0 OXYG\u00c9NE<br \/>\n<\/span><\/strong><\/p>","protected":false},"featured_media":1394,"comment_status":"open","ping_status":"closed","template":"","meta":[],"product_brand":[],"product_cat":[85],"product_tag":[],"class_list":{"0":"post-1184","1":"product","2":"type-product","3":"status-publish","4":"has-post-thumbnail","6":"product_cat-respiratory-care","8":"first","9":"instock","10":"shipping-taxable","11":"product-type-simple"},"_links":{"self":[{"href":"https:\/\/conso-med.com\/fr\/wp-json\/wp\/v2\/product\/1184","targetHints":{"allow":["GET"]}}],"collection":[{"href":"https:\/\/conso-med.com\/fr\/wp-json\/wp\/v2\/product"}],"about":[{"href":"https:\/\/conso-med.com\/fr\/wp-json\/wp\/v2\/types\/product"}],"replies":[{"embeddable":true,"href":"https:\/\/conso-med.com\/fr\/wp-json\/wp\/v2\/comments?post=1184"}],"wp:featuredmedia":[{"embeddable":true,"href":"https:\/\/conso-med.com\/fr\/wp-json\/wp\/v2\/media\/1394"}],"wp:attachment":[{"href":"https:\/\/conso-med.com\/fr\/wp-json\/wp\/v2\/media?parent=1184"}],"wp:term":[{"taxonomy":"product_brand","embeddable":true,"href":"https:\/\/conso-med.com\/fr\/wp-json\/wp\/v2\/product_brand?post=1184"},{"taxonomy":"product_cat","embeddable":true,"href":"https:\/\/conso-med.com\/fr\/wp-json\/wp\/v2\/product_cat?post=1184"},{"taxonomy":"product_tag","embeddable":true,"href":"https:\/\/conso-med.com\/fr\/wp-json\/wp\/v2\/product_tag?post=1184"}],"curies":[{"name":"wp","href":"https:\/\/api.w.org\/{rel}","templated":true}]}}