{"id":1169,"date":"2024-01-31T09:04:48","date_gmt":"2024-01-31T09:04:48","guid":{"rendered":"http:\/\/conso-med.com\/?post_type=product&#038;p=1169"},"modified":"2024-11-06T10:24:20","modified_gmt":"2024-11-06T10:24:20","slug":"disposable-i-v-cannula","status":"publish","type":"product","link":"https:\/\/conso-med.com\/fr\/produit\/disposable-i-v-cannula\/","title":{"rendered":"CATHETERS PERIPHERIQUES COURTS"},"content":{"rendered":"<p><strong><span style=\"color: #3366ff;\">SP\u00c9CIFICATIONS :<\/span>\u00a0<\/strong><br \/>\n<span style=\"color: #000000;\">FILTRE HYDROPHOBE<br \/>\nAIGUILLE JAPONAISE MINCE ET INOXYDABLE<br \/>\nAILETTES FLEXIBLES POUR FIXATION FACILE ET SURE<br \/>\nAFF\u00dbTAGE SP\u00c9CIAL &amp; FLEXIBILT\u00c9 DU CATH\u00c9TER<br \/>\nCHAMBRE TRANPARENTE POUR UNE VISION CLAIRE DU FLUX SANGUIN<br \/>\nCATH\u00c9TER CLAIR OU RADIO OPAQUE<br \/>\n<\/span><strong><span style=\"color: #3366ff;\"><br \/>\nDIMENSIONS :<\/span><\/strong><br \/>\n<span style=\"color: #000000;\">DE 14G \u00c0 24G<br \/>\n<span style=\"color: #3366ff;\"><strong><span style=\"color: #3366ff;\"><br \/>\nTYPE D\"EMBALLAGE \u00a0\/ QUANTIT\u00c9  \/ DIMENSION<br \/>\n<\/span><\/strong><span style=\"color: #000000;\">Boite\u00a0 \u00a0 \u00a0 \u00a0 \u00a0 \u00a0 \u00a0 \u00a0 \u00a0 \u00a0 \u00a0 \u00a0 \u00a0 \u00a0 \u00a0 \u00a0 \u00a0 \/\u00a0 100\u00a0 \u00a0 \u00a0 \u00a0 \u00a0 \u00a0 \u00a0 \u00a0 \u00a0 \/\u00a0 235 x 155 x 120 mm<br \/>\nCarton\u00a0 \u00a0 \u00a0 \u00a0 \u00a0 \u00a0 \u00a0 \u00a0 \u00a0 \u00a0 \u00a0 \u00a0 \u00a0 \u00a0 \u00a0\/\u00a0 \u00a01000\u00a0 \u00a0 \u00a0 \u00a0 \u00a0 \u00a0 \u00a0 \/\u00a0 \u00a0620 x 320 x 250 mm<\/span><\/span><\/span><\/p>\n<p>&nbsp;<\/p>\n<table style=\"height: 290px; width: 80.8883%;\" width=\"690\">\n<tbody>\n<tr>\n<td style=\"text-align: center; width: 12.6984%;\"><span style=\"color: #000000;\">DIMENSION<\/span><\/td>\n<td style=\"text-align: center; width: 32.5397%;\"><span style=\"color: #000000;\">R\u00c9F\u00c9RENCE<\/span><\/td>\n<td style=\"text-align: center; width: 26.1905%;\"><span style=\"color: #000000;\">LONGEUR CATH\u00c9TER<\/span><\/td>\n<td style=\"text-align: center; width: 52.2673%;\"><span style=\"color: #000000;\">COULEUR<\/span><\/td>\n<\/tr>\n<tr>\n<td style=\"text-align: center; width: 12.6984%;\"><span style=\"color: #ff9900;\">14G<\/span><\/td>\n<td style=\"text-align: center; width: 32.5397%;\"><span style=\"color: #ff9900;\">PM-01-01-14<\/span><\/td>\n<td style=\"text-align: center; width: 26.1905%;\"><span style=\"color: #ff9900;\">45<\/span><\/td>\n<td style=\"text-align: center; width: 52.2673%;\"><span style=\"color: #ff9900;\">ORANGE<\/span><\/td>\n<\/tr>\n<tr>\n<td style=\"text-align: center; width: 12.6984%;\"><span style=\"color: #999999;\">16G<\/span><\/td>\n<td style=\"text-align: center; width: 32.5397%;\"><span style=\"color: #999999;\">PM-01-01-16<\/span><\/td>\n<td style=\"text-align: center; width: 26.1905%;\"><span style=\"color: #808080;\">45<\/span><\/td>\n<td style=\"text-align: center; width: 52.2673%;\"><span style=\"color: #999999;\">GRIS<\/span><\/td>\n<\/tr>\n<tr>\n<td style=\"text-align: center; width: 12.6984%;\"><span style=\"color: #008000;\">18G<\/span><\/td>\n<td style=\"text-align: center; width: 32.5397%;\"><span style=\"color: #008000;\">PM-01-01-18<\/span><\/td>\n<td style=\"text-align: center; width: 26.1905%;\"><span style=\"color: #008000;\">45\/32<\/span><\/td>\n<td style=\"text-align: center; width: 52.2673%;\"><span style=\"color: #008000;\">VERT<\/span><\/td>\n<\/tr>\n<tr>\n<td style=\"text-align: center; width: 12.6984%;\"><span style=\"color: #ff99cc;\">20G<\/span><\/td>\n<td style=\"text-align: center; width: 32.5397%;\"><span style=\"color: #ff99cc;\">PM-01-01-20<\/span><\/td>\n<td style=\"text-align: center; width: 26.1905%;\"><span style=\"color: #ff99cc;\">32<\/span><\/td>\n<td style=\"text-align: center; width: 52.2673%;\"><span style=\"color: #ff99cc;\">ROSE<\/span><\/td>\n<\/tr>\n<tr>\n<td style=\"text-align: center; width: 12.6984%;\"><span style=\"color: #0000ff;\">22G<\/span><\/td>\n<td style=\"text-align: center; width: 32.5397%;\"><span style=\"color: #0000ff;\">PM-01-01-22<\/span><\/td>\n<td style=\"text-align: center; width: 26.1905%;\"><span style=\"color: #0000ff;\">25<\/span><\/td>\n<td style=\"text-align: center; width: 52.2673%;\"><span style=\"color: #0000ff;\">BLEU<\/span><\/td>\n<\/tr>\n<tr>\n<td style=\"text-align: center; width: 12.6984%;\"><span style=\"color: #ffcc00;\">24G<\/span><\/td>\n<td style=\"text-align: center; width: 32.5397%;\"><span style=\"color: #ffcc00;\">PM-01-01-24<\/span><\/td>\n<td style=\"text-align: center; width: 26.1905%;\"><span style=\"color: #ffcc00;\">19<\/span><\/td>\n<td style=\"text-align: center; width: 52.2673%;\"><span style=\"color: #ffcc00;\">JAUNE<\/span><\/td>\n<\/tr>\n<\/tbody>\n<\/table>","protected":false},"excerpt":{"rendered":"<p><strong><span style=\"color: #000000;\">REF<\/span> :<br \/>\n<span style=\"color: #ff9900;\">PM-01-01-14<br \/>\n<\/span><span style=\"color: #999999;\">PM-01-01-16<\/span><span style=\"color: #000000;\"><br \/>\n<\/span><span style=\"color: #008000;\">PM-01-01-18<\/span><span style=\"color: #000000;\"><br \/>\n<span style=\"color: #ff99cc;\">PM-01-01-20<span style=\"color: #000000;\"><br \/>\n<span style=\"color: #0000ff;\">PM-01-01-22<span style=\"color: #000000;\"><br \/>\n<span style=\"color: #ffcc00;\">PM-01-01-24<\/span><\/span><\/span><\/span><\/span><\/span><\/strong><\/p>","protected":false},"featured_media":1229,"comment_status":"open","ping_status":"closed","template":"","meta":[],"product_brand":[],"product_cat":[83],"product_tag":[],"class_list":{"0":"post-1169","1":"product","2":"type-product","3":"status-publish","4":"has-post-thumbnail","6":"product_cat-disposable-i-v-cannula","8":"first","9":"instock","10":"shipping-taxable","11":"product-type-simple"},"_links":{"self":[{"href":"https:\/\/conso-med.com\/fr\/wp-json\/wp\/v2\/product\/1169","targetHints":{"allow":["GET"]}}],"collection":[{"href":"https:\/\/conso-med.com\/fr\/wp-json\/wp\/v2\/product"}],"about":[{"href":"https:\/\/conso-med.com\/fr\/wp-json\/wp\/v2\/types\/product"}],"replies":[{"embeddable":true,"href":"https:\/\/conso-med.com\/fr\/wp-json\/wp\/v2\/comments?post=1169"}],"wp:featuredmedia":[{"embeddable":true,"href":"https:\/\/conso-med.com\/fr\/wp-json\/wp\/v2\/media\/1229"}],"wp:attachment":[{"href":"https:\/\/conso-med.com\/fr\/wp-json\/wp\/v2\/media?parent=1169"}],"wp:term":[{"taxonomy":"product_brand","embeddable":true,"href":"https:\/\/conso-med.com\/fr\/wp-json\/wp\/v2\/product_brand?post=1169"},{"taxonomy":"product_cat","embeddable":true,"href":"https:\/\/conso-med.com\/fr\/wp-json\/wp\/v2\/product_cat?post=1169"},{"taxonomy":"product_tag","embeddable":true,"href":"https:\/\/conso-med.com\/fr\/wp-json\/wp\/v2\/product_tag?post=1169"}],"curies":[{"name":"wp","href":"https:\/\/api.w.org\/{rel}","templated":true}]}}