{"id":1139,"date":"2024-01-29T14:40:35","date_gmt":"2024-01-29T14:40:35","guid":{"rendered":"http:\/\/conso-med.com\/?post_type=product&#038;p=1139"},"modified":"2024-02-15T08:14:05","modified_gmt":"2024-02-15T08:14:05","slug":"white-shoes-cover-tnt","status":"publish","type":"product","link":"https:\/\/conso-med.com\/fr\/produit\/white-shoes-cover-tnt\/","title":{"rendered":"COUVRE CHAUSSURES TNT BLANCS"},"content":{"rendered":"<p><strong>R\u00c9F\u00c9RENCE DU PRODUIT : 3031<\/strong><\/p>\n<p>Mod\u00e8le enveloppant con\u00e7u en tissu non-tiss\u00e9 \u00e0 usage unique.<\/p>\n<p>With elastic clamp for easy use, they fit all sizes.<\/p>\n<p>Protection optimale en milieu m\u00e9dical et autres.<\/p>","protected":false},"excerpt":{"rendered":"<p><strong><span style=\"color: #0000ff;\">R\u00c9F\u00c9RENCE DU PRODUIT : 3031<\/span><\/strong><\/p>","protected":false},"featured_media":999,"comment_status":"open","ping_status":"closed","template":"","meta":[],"product_brand":[],"product_cat":[59,80],"product_tag":[],"class_list":{"0":"post-1139","1":"product","2":"type-product","3":"status-publish","4":"has-post-thumbnail","6":"product_cat-protection-devices","7":"product_cat-shoes-cover","9":"first","10":"instock","11":"shipping-taxable","12":"product-type-simple"},"_links":{"self":[{"href":"https:\/\/conso-med.com\/fr\/wp-json\/wp\/v2\/product\/1139","targetHints":{"allow":["GET"]}}],"collection":[{"href":"https:\/\/conso-med.com\/fr\/wp-json\/wp\/v2\/product"}],"about":[{"href":"https:\/\/conso-med.com\/fr\/wp-json\/wp\/v2\/types\/product"}],"replies":[{"embeddable":true,"href":"https:\/\/conso-med.com\/fr\/wp-json\/wp\/v2\/comments?post=1139"}],"wp:featuredmedia":[{"embeddable":true,"href":"https:\/\/conso-med.com\/fr\/wp-json\/wp\/v2\/media\/999"}],"wp:attachment":[{"href":"https:\/\/conso-med.com\/fr\/wp-json\/wp\/v2\/media?parent=1139"}],"wp:term":[{"taxonomy":"product_brand","embeddable":true,"href":"https:\/\/conso-med.com\/fr\/wp-json\/wp\/v2\/product_brand?post=1139"},{"taxonomy":"product_cat","embeddable":true,"href":"https:\/\/conso-med.com\/fr\/wp-json\/wp\/v2\/product_cat?post=1139"},{"taxonomy":"product_tag","embeddable":true,"href":"https:\/\/conso-med.com\/fr\/wp-json\/wp\/v2\/product_tag?post=1139"}],"curies":[{"name":"wp","href":"https:\/\/api.w.org\/{rel}","templated":true}]}}