{"id":1131,"date":"2024-01-29T13:04:17","date_gmt":"2024-01-29T13:04:17","guid":{"rendered":"http:\/\/conso-med.com\/?post_type=product&#038;p=1131"},"modified":"2024-09-25T15:03:37","modified_gmt":"2024-09-25T15:03:37","slug":"pink-tie-on-cap","status":"publish","type":"product","link":"https:\/\/conso-med.com\/fr\/produit\/pink-tie-on-cap\/","title":{"rendered":"CALOT \u00c0 NOUER ROSE"},"content":{"rendered":"<p><span style=\"color: #0000ff;\"><strong>R\u00c9F\u00c9RENCE DU PRODUIT : 4008<\/strong><\/span><\/p>\n<p>Con\u00e7u en mati\u00e8re non tiss\u00e9e hypoallerg\u00e9niques.<\/p>\n<p>Dispositif de protection particuli\u00e8rement indispensable aux professionnels de la sant\u00e9.\n\nMod\u00e8le r\u00e9glable et adaptable aux diff\u00e9rentes tailles et formes de t\u00eate<\/p>\n<p>Ajustable avec des \u00e9lastiques \u00e0 l'arri\u00e8re et en mati\u00e8re renforc\u00e9e sur les c\u00f4t\u00e9s.<\/p>\n<p><strong>\u00a0<\/strong><\/p>","protected":false},"excerpt":{"rendered":"<p><strong><span style=\"color: #0000ff;\">R\u00c9F\u00c9RENCE DU PRODUIT : 4008<\/span><\/strong><\/p>","protected":false},"featured_media":961,"comment_status":"open","ping_status":"closed","template":"","meta":[],"product_brand":[],"product_cat":[59,103],"product_tag":[],"class_list":{"0":"post-1131","1":"product","2":"type-product","3":"status-publish","4":"has-post-thumbnail","6":"product_cat-protection-devices","7":"product_cat-cap-clip-cap-surgeon-hood","9":"first","10":"instock","11":"shipping-taxable","12":"product-type-simple"},"_links":{"self":[{"href":"https:\/\/conso-med.com\/fr\/wp-json\/wp\/v2\/product\/1131","targetHints":{"allow":["GET"]}}],"collection":[{"href":"https:\/\/conso-med.com\/fr\/wp-json\/wp\/v2\/product"}],"about":[{"href":"https:\/\/conso-med.com\/fr\/wp-json\/wp\/v2\/types\/product"}],"replies":[{"embeddable":true,"href":"https:\/\/conso-med.com\/fr\/wp-json\/wp\/v2\/comments?post=1131"}],"wp:featuredmedia":[{"embeddable":true,"href":"https:\/\/conso-med.com\/fr\/wp-json\/wp\/v2\/media\/961"}],"wp:attachment":[{"href":"https:\/\/conso-med.com\/fr\/wp-json\/wp\/v2\/media?parent=1131"}],"wp:term":[{"taxonomy":"product_brand","embeddable":true,"href":"https:\/\/conso-med.com\/fr\/wp-json\/wp\/v2\/product_brand?post=1131"},{"taxonomy":"product_cat","embeddable":true,"href":"https:\/\/conso-med.com\/fr\/wp-json\/wp\/v2\/product_cat?post=1131"},{"taxonomy":"product_tag","embeddable":true,"href":"https:\/\/conso-med.com\/fr\/wp-json\/wp\/v2\/product_tag?post=1131"}],"curies":[{"name":"wp","href":"https:\/\/api.w.org\/{rel}","templated":true}]}}