{"id":1119,"date":"2024-01-29T09:41:21","date_gmt":"2024-01-29T09:41:21","guid":{"rendered":"http:\/\/conso-med.com\/?post_type=product&#038;p=1119"},"modified":"2024-09-30T14:13:58","modified_gmt":"2024-09-30T14:13:58","slug":"kids-printed-earloop-face-mask","status":"publish","type":"product","link":"https:\/\/conso-med.com\/fr\/produit\/kids-printed-earloop-face-mask\/","title":{"rendered":"Bavette \u00c9lastique Imprim\u00e9 Pour Enfant"},"content":{"rendered":"<p><strong><span class=\"label_prod\">R\u00c9F\u00c9RENCE DU PRODUIT: 1017<\/span><\/strong><\/p>\n<p><span class=\"label_prod\" style=\"color: #000000;\">Notre masque facial \u00e0 boucles d'oreilles imprim\u00e9 pour enfants offre une protection fiable et ludique dans divers environnements. Con\u00e7u sp\u00e9cialement pour les enfants, il est fabriqu\u00e9 avec des mat\u00e9riaux de haute qualit\u00e9 pour assurer une filtration efficace des particules en suspension dans l'air, des germes et des contaminants. La conception l\u00e9g\u00e8re et les boucles d'oreilles confortables garantissent un ajustement s\u00fbr et confortable pour les jeunes porteurs. Avec ses motifs amusants et color\u00e9s, ce masque rend le port du masque agr\u00e9able et encourage la conformit\u00e9. Offrez \u00e0 vos enfants une protection fiable avec une touche de style gr\u00e2ce \u00e0 notre masque facial \u00e0 boucles d'oreilles imprim\u00e9 pour enfants.<\/span><\/p>","protected":false},"excerpt":{"rendered":"<p><span style=\"color: #0000ff;\"><strong><span class=\"label_prod\"><span style=\"color: #0000ff;\">R\u00c9F\u00c9RENCE DU PRODUIT: 1017<\/span><\/span><\/strong><\/span><\/p>","protected":false},"featured_media":1398,"comment_status":"open","ping_status":"closed","template":"","meta":[],"product_brand":[],"product_cat":[59,102],"product_tag":[],"class_list":{"0":"post-1119","1":"product","2":"type-product","3":"status-publish","4":"has-post-thumbnail","6":"product_cat-protection-devices","7":"product_cat-surgical-masks","9":"first","10":"instock","11":"shipping-taxable","12":"product-type-simple"},"_links":{"self":[{"href":"https:\/\/conso-med.com\/fr\/wp-json\/wp\/v2\/product\/1119","targetHints":{"allow":["GET"]}}],"collection":[{"href":"https:\/\/conso-med.com\/fr\/wp-json\/wp\/v2\/product"}],"about":[{"href":"https:\/\/conso-med.com\/fr\/wp-json\/wp\/v2\/types\/product"}],"replies":[{"embeddable":true,"href":"https:\/\/conso-med.com\/fr\/wp-json\/wp\/v2\/comments?post=1119"}],"wp:featuredmedia":[{"embeddable":true,"href":"https:\/\/conso-med.com\/fr\/wp-json\/wp\/v2\/media\/1398"}],"wp:attachment":[{"href":"https:\/\/conso-med.com\/fr\/wp-json\/wp\/v2\/media?parent=1119"}],"wp:term":[{"taxonomy":"product_brand","embeddable":true,"href":"https:\/\/conso-med.com\/fr\/wp-json\/wp\/v2\/product_brand?post=1119"},{"taxonomy":"product_cat","embeddable":true,"href":"https:\/\/conso-med.com\/fr\/wp-json\/wp\/v2\/product_cat?post=1119"},{"taxonomy":"product_tag","embeddable":true,"href":"https:\/\/conso-med.com\/fr\/wp-json\/wp\/v2\/product_tag?post=1119"}],"curies":[{"name":"wp","href":"https:\/\/api.w.org\/{rel}","templated":true}]}}