{"id":1073,"date":"2024-01-19T13:25:22","date_gmt":"2024-01-19T13:25:22","guid":{"rendered":"http:\/\/conso-med.com\/?post_type=product&#038;p=1073"},"modified":"2024-02-27T10:43:41","modified_gmt":"2024-02-27T10:43:41","slug":"knee-replacement-set","status":"publish","type":"product","link":"https:\/\/conso-med.com\/fr\/produit\/knee-replacement-set\/","title":{"rendered":"TROUSSE PROTH\u00c8SE DE GENOU"},"content":{"rendered":"<p><span style=\"color: #000000;\"><strong><span class=\"label_prod\">R\u00c9F\u00c9RENCE DU PRODUIT : <\/span><span id=\"ctl04_lbl_ProductSKU_NBTE\" class=\"product_label\">ST 14-04-10<br \/>\n<\/span><\/strong><span class=\"product_label\">10 PCS \/ CARTON<br \/>\n<\/span><\/span><\/p>\n<table>\n<tbody>\n<tr>\n<td><span style=\"color: #00ccff;\">N.PI\u00c8CES<\/span><\/td>\n<td><span style=\"color: #00ccff;\">D\u00c9SIGNATION<\/span><\/td>\n<td><span style=\"color: #00ccff;\">DIMENSIONS<\/span><\/td>\n<\/tr>\n<tr>\n<td>1<\/td>\n<td>Champ de table<\/td>\n<td>150 x 200 cm<\/td>\n<\/tr>\n<tr>\n<td><span style=\"color: #00ccff;\">1<\/span><\/td>\n<td><span style=\"color: #00ccff;\">Champ de table<\/span><\/td>\n<td><span style=\"color: #00ccff;\">120 x 150 cm<\/span><\/td>\n<\/tr>\n<tr>\n<td>1<\/td>\n<td>Champ d'approche<\/td>\n<td>110 x 150 cm<\/td>\n<\/tr>\n<tr>\n<td><span style=\"color: #00ccff;\">1<\/span><\/td>\n<td><span style=\"color: #00ccff;\">Champ en \"U\" en PE<\/span><\/td>\n<td><span style=\"color: #00ccff;\">180 X 200 cm<\/span><\/td>\n<\/tr>\n<tr>\n<td>1<\/td>\n<td>Champ du membre renforc\u00e9e trou\u00e9 orifice : \u00d8 6 cm extensibles<\/td>\n<td>200 x 300 cm<\/td>\n<\/tr>\n<tr>\n<td><span style=\"color: #00ccff;\">2\u00a0<\/span><\/td>\n<td><span style=\"color: #00ccff;\">Adhesive tape strips<\/span><\/td>\n<td><span style=\"color: #00ccff;\">10 x 50 cm<\/span><\/td>\n<\/tr>\n<tr>\n<td>4<\/td>\n<td>Serviettes absorbantes<\/td>\n<td>40 x 40 cm<\/td>\n<\/tr>\n<\/tbody>\n<\/table>","protected":false},"excerpt":{"rendered":"<p><span style=\"color: #000000;\"><strong><span style=\"color: #0000ff;\"><span class=\"label_prod\">R\u00c9F\u00c9RENCE DU PRODUIT : <\/span><span id=\"ctl04_lbl_ProductSKU_NBTE\" class=\"product_label\">ST 14-04-10<\/span><\/span><span id=\"ctl04_lbl_ProductSKU_NBTE\" class=\"product_label\"><br \/>\n<\/span><\/strong><\/span><\/p>","protected":false},"featured_media":1217,"comment_status":"open","ping_status":"closed","template":"","meta":[],"product_brand":[],"product_cat":[95],"product_tag":[],"class_list":{"0":"post-1073","1":"product","2":"type-product","3":"status-publish","4":"has-post-thumbnail","6":"product_cat-orthopedy","8":"first","9":"instock","10":"shipping-taxable","11":"product-type-simple"},"_links":{"self":[{"href":"https:\/\/conso-med.com\/fr\/wp-json\/wp\/v2\/product\/1073","targetHints":{"allow":["GET"]}}],"collection":[{"href":"https:\/\/conso-med.com\/fr\/wp-json\/wp\/v2\/product"}],"about":[{"href":"https:\/\/conso-med.com\/fr\/wp-json\/wp\/v2\/types\/product"}],"replies":[{"embeddable":true,"href":"https:\/\/conso-med.com\/fr\/wp-json\/wp\/v2\/comments?post=1073"}],"wp:featuredmedia":[{"embeddable":true,"href":"https:\/\/conso-med.com\/fr\/wp-json\/wp\/v2\/media\/1217"}],"wp:attachment":[{"href":"https:\/\/conso-med.com\/fr\/wp-json\/wp\/v2\/media?parent=1073"}],"wp:term":[{"taxonomy":"product_brand","embeddable":true,"href":"https:\/\/conso-med.com\/fr\/wp-json\/wp\/v2\/product_brand?post=1073"},{"taxonomy":"product_cat","embeddable":true,"href":"https:\/\/conso-med.com\/fr\/wp-json\/wp\/v2\/product_cat?post=1073"},{"taxonomy":"product_tag","embeddable":true,"href":"https:\/\/conso-med.com\/fr\/wp-json\/wp\/v2\/product_tag?post=1073"}],"curies":[{"name":"wp","href":"https:\/\/api.w.org\/{rel}","templated":true}]}}