{"id":1071,"date":"2024-01-19T12:52:39","date_gmt":"2024-01-19T12:52:39","guid":{"rendered":"http:\/\/conso-med.com\/?post_type=product&#038;p=1071"},"modified":"2024-02-27T10:31:44","modified_gmt":"2024-02-27T10:31:44","slug":"reinforced-bilateral-extremity-set","status":"publish","type":"product","link":"https:\/\/conso-med.com\/fr\/produit\/reinforced-bilateral-extremity-set\/","title":{"rendered":"TROUSSE D'EXTR\u00c9MIT\u00c9 BILAT\u00c9RALE RENFORC\u00c9E SET"},"content":{"rendered":"<p><span style=\"color: #000000;\"><strong><span class=\"label_prod\">R\u00c9F\u00c9RENCE DU PRODUIT : <\/span><span id=\"ctl04_lbl_ProductSKU_NBTE\" class=\"product_label\">ST 14-02-11<br \/>\n<\/span><\/strong><span id=\"ctl04_lbl_ProductSKU_NBTE\" class=\"product_label\">15 PCS \/ CARTON<\/span><\/span><\/p>\n<p>&nbsp;<\/p>\n<table>\n<tbody>\n<tr>\n<td>N.PI\u00c8CES<\/td>\n<td>D\u00c9SIGNATION<\/td>\n<td>DIMENSIONS<\/td>\n<\/tr>\n<tr>\n<td>\u00a01<\/td>\n<td>TABLE COVER<\/td>\n<td>150 x 200 cm<\/td>\n<\/tr>\n<tr>\n<td>1<\/td>\n<td>CHAMP D'APPROCHE<\/td>\n<td>110 x 150 cm<\/td>\n<\/tr>\n<tr>\n<td>2<\/td>\n<td>Champ d'\u00e9xtr\u00e9mit\u00e9 renforc\u00e9 2 orifices \u00d8 6 cm extensibles<\/td>\n<td>200 x 300 cm<\/td>\n<\/tr>\n<tr>\n<td>2<\/td>\n<td>Bandes adh\u00e9sives<\/td>\n<td>10 x 50 cm<\/td>\n<\/tr>\n<tr>\n<td>4<\/td>\n<td>Serviettes absorbantes<\/td>\n<td>40 x 40 cm<\/td>\n<\/tr>\n<\/tbody>\n<\/table>","protected":false},"excerpt":{"rendered":"<p><strong><span style=\"color: #0000ff;\"><span class=\"label_prod\">R\u00c9F\u00c9RENCE DU PRODUIT : <\/span><span id=\"ctl04_lbl_ProductSKU_NBTE\" class=\"product_label\">ST 14-02-11<\/span><\/span><\/strong><span style=\"color: #000000;\"><strong><span id=\"ctl04_lbl_ProductSKU_NBTE\" class=\"product_label\"><br \/>\n<\/span><\/strong><\/span><\/p>","protected":false},"featured_media":1215,"comment_status":"open","ping_status":"closed","template":"","meta":[],"product_brand":[],"product_cat":[95],"product_tag":[],"class_list":{"0":"post-1071","1":"product","2":"type-product","3":"status-publish","4":"has-post-thumbnail","6":"product_cat-orthopedy","8":"first","9":"instock","10":"shipping-taxable","11":"product-type-simple"},"_links":{"self":[{"href":"https:\/\/conso-med.com\/fr\/wp-json\/wp\/v2\/product\/1071","targetHints":{"allow":["GET"]}}],"collection":[{"href":"https:\/\/conso-med.com\/fr\/wp-json\/wp\/v2\/product"}],"about":[{"href":"https:\/\/conso-med.com\/fr\/wp-json\/wp\/v2\/types\/product"}],"replies":[{"embeddable":true,"href":"https:\/\/conso-med.com\/fr\/wp-json\/wp\/v2\/comments?post=1071"}],"wp:featuredmedia":[{"embeddable":true,"href":"https:\/\/conso-med.com\/fr\/wp-json\/wp\/v2\/media\/1215"}],"wp:attachment":[{"href":"https:\/\/conso-med.com\/fr\/wp-json\/wp\/v2\/media?parent=1071"}],"wp:term":[{"taxonomy":"product_brand","embeddable":true,"href":"https:\/\/conso-med.com\/fr\/wp-json\/wp\/v2\/product_brand?post=1071"},{"taxonomy":"product_cat","embeddable":true,"href":"https:\/\/conso-med.com\/fr\/wp-json\/wp\/v2\/product_cat?post=1071"},{"taxonomy":"product_tag","embeddable":true,"href":"https:\/\/conso-med.com\/fr\/wp-json\/wp\/v2\/product_tag?post=1071"}],"curies":[{"name":"wp","href":"https:\/\/api.w.org\/{rel}","templated":true}]}}