{"id":1070,"date":"2024-01-19T12:47:07","date_gmt":"2024-01-19T12:47:07","guid":{"rendered":"http:\/\/conso-med.com\/?post_type=product&#038;p=1070"},"modified":"2024-02-27T10:26:00","modified_gmt":"2024-02-27T10:26:00","slug":"reinforced-extremity-set","status":"publish","type":"product","link":"https:\/\/conso-med.com\/fr\/produit\/reinforced-extremity-set\/","title":{"rendered":"TROUSSE D'EXTR\u00c9MIT\u00c9 RENFORC\u00c9E"},"content":{"rendered":"<p><strong><span style=\"color: #000000;\"><span class=\"label_prod\">R\u00c9F\u00c9RENCE DU PRODUIT : <\/span><span class=\"product_label\">ST 14-02-10<br \/>\n<\/span><\/span><\/strong><span style=\"color: #000000;\"><span class=\"product_label\"><span style=\"color: #000000;\">15 PCS \/ CARTON<\/span><\/span><\/span><\/p>\n<table>\n<tbody>\n<tr>\n<td><span style=\"color: #00ccff;\">N.PI\u00c8CES<\/span><\/td>\n<td><span style=\"color: #00ccff;\">\u00a0D\u00c9SIGNATION<\/span><\/td>\n<td><span style=\"color: #00ccff;\">\u00a0DIMENSIONS<\/span><\/td>\n<\/tr>\n<tr>\n<td>1<\/td>\n<td>Champ de table<\/td>\n<td>\u00a0150 x 200 cm<\/td>\n<\/tr>\n<tr>\n<td><span style=\"color: #00ccff;\">1<\/span><\/td>\n<td><span style=\"color: #00ccff;\">Champ d'approche<\/span><\/td>\n<td><span style=\"color: #00ccff;\">110 x 150 cm<\/span><\/td>\n<\/tr>\n<tr>\n<td>2<\/td>\n<td>Champ d'\u00e9xtr\u00e9mit\u00e9 renforc\u00e9 2 orifices \u00d8 6 cm extensibles<\/td>\n<td>200 x 300 cm<\/td>\n<\/tr>\n<tr>\n<td><span style=\"color: #00ccff;\">2<\/span><\/td>\n<td><span style=\"color: #00ccff;\">Bandes adh\u00e9sives<\/span><\/td>\n<td><span style=\"color: #00ccff;\">10 x 50 cm<\/span><\/td>\n<\/tr>\n<tr>\n<td>4<\/td>\n<td>Serviettes absorbantes<\/td>\n<td>40 x 40 cm<\/td>\n<\/tr>\n<\/tbody>\n<\/table>\n<p><strong><span style=\"color: #000000;\"><span id=\"ctl04_lbl_ProductSKU_NBTE\" class=\"product_label\">\u00a0<\/span><\/span><\/strong><\/p>","protected":false},"excerpt":{"rendered":"<p><strong><span style=\"color: #000000;\"><span class=\"label_prod\" style=\"color: #0000ff; font-family: georgia, palatino, serif;\">R\u00c9F\u00c9RENCE DU PRODUIT : <\/span><span class=\"product_label\"><span style=\"color: #0000ff; font-family: georgia, palatino, serif;\">ST 14-02-10<\/span><br \/>\n<\/span><\/span><\/strong><\/p>","protected":false},"featured_media":1214,"comment_status":"open","ping_status":"closed","template":"","meta":[],"product_brand":[],"product_cat":[95],"product_tag":[],"class_list":{"0":"post-1070","1":"product","2":"type-product","3":"status-publish","4":"has-post-thumbnail","6":"product_cat-orthopedy","8":"first","9":"instock","10":"shipping-taxable","11":"product-type-simple"},"_links":{"self":[{"href":"https:\/\/conso-med.com\/fr\/wp-json\/wp\/v2\/product\/1070","targetHints":{"allow":["GET"]}}],"collection":[{"href":"https:\/\/conso-med.com\/fr\/wp-json\/wp\/v2\/product"}],"about":[{"href":"https:\/\/conso-med.com\/fr\/wp-json\/wp\/v2\/types\/product"}],"replies":[{"embeddable":true,"href":"https:\/\/conso-med.com\/fr\/wp-json\/wp\/v2\/comments?post=1070"}],"wp:featuredmedia":[{"embeddable":true,"href":"https:\/\/conso-med.com\/fr\/wp-json\/wp\/v2\/media\/1214"}],"wp:attachment":[{"href":"https:\/\/conso-med.com\/fr\/wp-json\/wp\/v2\/media?parent=1070"}],"wp:term":[{"taxonomy":"product_brand","embeddable":true,"href":"https:\/\/conso-med.com\/fr\/wp-json\/wp\/v2\/product_brand?post=1070"},{"taxonomy":"product_cat","embeddable":true,"href":"https:\/\/conso-med.com\/fr\/wp-json\/wp\/v2\/product_cat?post=1070"},{"taxonomy":"product_tag","embeddable":true,"href":"https:\/\/conso-med.com\/fr\/wp-json\/wp\/v2\/product_tag?post=1070"}],"curies":[{"name":"wp","href":"https:\/\/api.w.org\/{rel}","templated":true}]}}