{"id":1057,"date":"2024-01-18T16:55:04","date_gmt":"2024-01-18T16:55:04","guid":{"rendered":"http:\/\/conso-med.com\/?post_type=product&#038;p=1057"},"modified":"2024-02-22T10:03:41","modified_gmt":"2024-02-22T10:03:41","slug":"neurology-surgery-set","status":"publish","type":"product","link":"https:\/\/conso-med.com\/fr\/produit\/neurology-surgery-set\/","title":{"rendered":"TROUSSE CRANIOTOMIE"},"content":{"rendered":"<p><span style=\"color: #000000;\"><strong><span class=\"label_prod\">R\u00c9F\u00c9RENCE DU PRODUIT :<\/span><span class=\"product_label\">ST 08-01-10<br \/>\n<\/span><\/strong><span class=\"product_label\">15 PCS \/ CARTON<\/span><\/span><\/p>\n<table>\n<tbody>\n<tr>\n<td><span style=\"color: #00ccff;\">N.PI\u00c8CES<\/span><\/td>\n<td><span style=\"color: #00ccff;\">\u00a0D\u00c9SIGNATION<\/span><\/td>\n<td><span style=\"color: #00ccff;\">\u00a0DIMENSIONS<\/span><\/td>\n<\/tr>\n<tr>\n<td>1<\/td>\n<td>Champ de table<\/td>\n<td>\u00a0150 x 200 cm<\/td>\n<\/tr>\n<tr>\n<td><span style=\"color: #00ccff;\">4<\/span><\/td>\n<td><span style=\"color: #00ccff;\">Champs de bordure<\/span><\/td>\n<td><span style=\"color: #00ccff;\">\u00a050 x 50 cm<\/span><\/td>\n<\/tr>\n<tr>\n<td>1<\/td>\n<td>Champ de craniotomie f\u00e9nestr\u00e9 20 cm renforc\u00e9 avec champ \u00e0 incisier et poche vidangeable<\/td>\n<td>\u00a0200 x 300 cm<\/td>\n<\/tr>\n<tr>\n<td><span style=\"color: #00ccff;\">2<\/span><\/td>\n<td><span style=\"color: #00ccff;\">Bande adh\u00e9sives<\/span><\/td>\n<td><span style=\"color: #00ccff;\">\u00a010 x 50 cm<\/span><\/td>\n<\/tr>\n<tr>\n<td>4<\/td>\n<td>Serviettes absorbantes<\/td>\n<td>\u00a040 x 40 cm<\/td>\n<\/tr>\n<\/tbody>\n<\/table>\n<p><span style=\"color: #000000;\"><strong><span id=\"ctl04_lbl_ProductSKU_NBTE\" class=\"product_label\">\u00a0<\/span><\/strong><\/span><\/p>","protected":false},"excerpt":{"rendered":"<p><span style=\"color: #000000;\"><strong><span style=\"color: #0000ff;\"><span class=\"label_prod\">R\u00c9F\u00c9RENCE DU PRODUIT : <\/span><span class=\"product_label\">ST 08-01-10<\/span><\/span><\/strong><br \/>\n<\/span><\/p>","protected":false},"featured_media":1203,"comment_status":"open","ping_status":"closed","template":"","meta":[],"product_brand":[],"product_cat":[92],"product_tag":[],"class_list":{"0":"post-1057","1":"product","2":"type-product","3":"status-publish","4":"has-post-thumbnail","6":"product_cat-neurology","8":"first","9":"instock","10":"shipping-taxable","11":"product-type-simple"},"_links":{"self":[{"href":"https:\/\/conso-med.com\/fr\/wp-json\/wp\/v2\/product\/1057","targetHints":{"allow":["GET"]}}],"collection":[{"href":"https:\/\/conso-med.com\/fr\/wp-json\/wp\/v2\/product"}],"about":[{"href":"https:\/\/conso-med.com\/fr\/wp-json\/wp\/v2\/types\/product"}],"replies":[{"embeddable":true,"href":"https:\/\/conso-med.com\/fr\/wp-json\/wp\/v2\/comments?post=1057"}],"wp:featuredmedia":[{"embeddable":true,"href":"https:\/\/conso-med.com\/fr\/wp-json\/wp\/v2\/media\/1203"}],"wp:attachment":[{"href":"https:\/\/conso-med.com\/fr\/wp-json\/wp\/v2\/media?parent=1057"}],"wp:term":[{"taxonomy":"product_brand","embeddable":true,"href":"https:\/\/conso-med.com\/fr\/wp-json\/wp\/v2\/product_brand?post=1057"},{"taxonomy":"product_cat","embeddable":true,"href":"https:\/\/conso-med.com\/fr\/wp-json\/wp\/v2\/product_cat?post=1057"},{"taxonomy":"product_tag","embeddable":true,"href":"https:\/\/conso-med.com\/fr\/wp-json\/wp\/v2\/product_tag?post=1057"}],"curies":[{"name":"wp","href":"https:\/\/api.w.org\/{rel}","templated":true}]}}