{"id":1056,"date":"2024-01-18T16:49:58","date_gmt":"2024-01-18T16:49:58","guid":{"rendered":"http:\/\/conso-med.com\/?post_type=product&#038;p=1056"},"modified":"2024-02-22T10:01:12","modified_gmt":"2024-02-22T10:01:12","slug":"episiotomy-set","status":"publish","type":"product","link":"https:\/\/conso-med.com\/fr\/produit\/episiotomy-set\/","title":{"rendered":"TROUSSE D'\u00c9PISIOTOMIE"},"content":{"rendered":"<p><strong><span style=\"color: #000000;\"><span class=\"label_prod\">R\u00c9F\u00c9RENCE DU PRODUIT : <\/span><span class=\"product_label\">ST 07-01-10<br \/>\n<\/span><\/span><\/strong><span style=\"color: #000000;\"><span class=\"product_label\"><span style=\"color: #000000;\">40 PCS \/ CARTON<\/span><\/span><\/span><\/p>\n<table>\n<tbody>\n<tr>\n<td><span style=\"color: #00ccff;\">N.PI\u00c8CES<\/span><\/td>\n<td><span style=\"color: #00ccff;\">\u00a0D\u00c9SIGNATION<\/span><\/td>\n<td><span style=\"color: #00ccff;\">\u00a0DIMENSIONS<\/span><\/td>\n<\/tr>\n<tr>\n<td>\u00a01<\/td>\n<td>Champ de table<\/td>\n<td>\u00a0120 x 150 cm<\/td>\n<\/tr>\n<tr>\n<td><span style=\"color: #00ccff;\">1<\/span><\/td>\n<td><span style=\"color: #00ccff;\">Champ d'\u00e9pisiotomie avec trou central \u00d8 15 avec adh\u00e9sif<\/span><\/td>\n<td><span style=\"color: #00ccff;\">\u00a0120 x 150 cm<\/span><\/td>\n<\/tr>\n<tr>\n<td>10<\/td>\n<td>Compresses<\/td>\n<td>\u00a010 x 10 cm<\/td>\n<\/tr>\n<\/tbody>\n<\/table>\n<p><strong><span style=\"color: #000000;\"><span id=\"ctl04_lbl_ProductSKU_NBTE\" class=\"product_label\">\u00a0<\/span><\/span><\/strong><\/p>","protected":false},"excerpt":{"rendered":"<p><strong><span style=\"color: #0000ff;\"><span class=\"label_prod\">R\u00c9F\u00c9RENCE DU PRODUIT : <\/span><span class=\"product_label\">ST 07-01-10<\/span><\/span><\/strong><\/p>","protected":false},"featured_media":1201,"comment_status":"open","ping_status":"closed","template":"","meta":[],"product_brand":[],"product_cat":[91],"product_tag":[],"class_list":{"0":"post-1056","1":"product","2":"type-product","3":"status-publish","4":"has-post-thumbnail","6":"product_cat-gynecology","8":"first","9":"instock","10":"shipping-taxable","11":"product-type-simple"},"_links":{"self":[{"href":"https:\/\/conso-med.com\/fr\/wp-json\/wp\/v2\/product\/1056","targetHints":{"allow":["GET"]}}],"collection":[{"href":"https:\/\/conso-med.com\/fr\/wp-json\/wp\/v2\/product"}],"about":[{"href":"https:\/\/conso-med.com\/fr\/wp-json\/wp\/v2\/types\/product"}],"replies":[{"embeddable":true,"href":"https:\/\/conso-med.com\/fr\/wp-json\/wp\/v2\/comments?post=1056"}],"wp:featuredmedia":[{"embeddable":true,"href":"https:\/\/conso-med.com\/fr\/wp-json\/wp\/v2\/media\/1201"}],"wp:attachment":[{"href":"https:\/\/conso-med.com\/fr\/wp-json\/wp\/v2\/media?parent=1056"}],"wp:term":[{"taxonomy":"product_brand","embeddable":true,"href":"https:\/\/conso-med.com\/fr\/wp-json\/wp\/v2\/product_brand?post=1056"},{"taxonomy":"product_cat","embeddable":true,"href":"https:\/\/conso-med.com\/fr\/wp-json\/wp\/v2\/product_cat?post=1056"},{"taxonomy":"product_tag","embeddable":true,"href":"https:\/\/conso-med.com\/fr\/wp-json\/wp\/v2\/product_tag?post=1056"}],"curies":[{"name":"wp","href":"https:\/\/api.w.org\/{rel}","templated":true}]}}