{"id":1055,"date":"2024-01-18T16:47:08","date_gmt":"2024-01-18T16:47:08","guid":{"rendered":"http:\/\/conso-med.com\/?post_type=product&#038;p=1055"},"modified":"2024-02-22T09:58:56","modified_gmt":"2024-02-22T09:58:56","slug":"reinforced-caesarean-birth-set","status":"publish","type":"product","link":"https:\/\/conso-med.com\/fr\/produit\/reinforced-caesarean-birth-set\/","title":{"rendered":"TROUSSE C\u00c9SARIENNE RENFORC\u00c9E"},"content":{"rendered":"<p><strong><span style=\"color: #000000;\"><span class=\"label_prod\">R\u00c9F\u00c9RENCE DU PRODUIT : <\/span><span id=\"ctl04_lbl_ProductSKU_NBTE\" class=\"product_label\">ST 07-04-10<br \/>\n<\/span><\/span><\/strong><span style=\"color: #000000;\"><span id=\"ctl04_lbl_ProductSKU_NBTE\" class=\"product_label\">10 PCS \/ CARTON<\/span><\/span><\/p>\n<table style=\"width: 81.8799%; height: 242px;\">\n<tbody>\n<tr>\n<td><span style=\"color: #00ccff;\">N.PI\u00c8CES<\/span><\/td>\n<td><span style=\"color: #00ccff;\">D\u00c9SIGNATION<\/span><\/td>\n<td><span style=\"color: #00ccff;\">DIMENSIONS<\/span><\/td>\n<\/tr>\n<tr>\n<td>1<\/td>\n<td>Champ de table<\/td>\n<td>150 x 200 cm<\/td>\n<\/tr>\n<tr>\n<td><span style=\"color: #00ccff;\">1<\/span><\/td>\n<td><span style=\"color: #00ccff;\">Housse de mayo<\/span><\/td>\n<td><span style=\"color: #00ccff;\">80 x 145 cm<\/span><\/td>\n<\/tr>\n<tr>\n<td>1<\/td>\n<td>Champ c\u00e9sarienne renforc\u00e9 avec poche vidangeable et champ \u00e0 inciser fen\u00eatre :  30 x 30 cm<\/td>\n<td>200 x 260 x 360 cm<\/td>\n<\/tr>\n<tr>\n<td><span style=\"color: #00ccff;\">1<\/span><\/td>\n<td><span style=\"color: #00ccff;\">Champ d'accueil b\u00e9b\u00e9<\/span><\/td>\n<td><span style=\"color: #00ccff;\">100 x 100 cm<\/span><\/td>\n<\/tr>\n<tr>\n<td>1<\/td>\n<td>Bande adh\u00e9sives<\/td>\n<td>10 x 50 cm<\/td>\n<\/tr>\n<tr>\n<td><span style=\"color: #00ccff;\">2\u00a0<\/span><\/td>\n<td><span style=\"color: #00ccff;\">Serviettes absorbantes<\/span><\/td>\n<td><span style=\"color: #00ccff;\">40 x 40 cm<\/span><\/td>\n<\/tr>\n<\/tbody>\n<\/table>","protected":false},"excerpt":{"rendered":"<p><strong><span style=\"color: #0000ff;\"><span class=\"label_prod\">R\u00c9F\u00c9RENCE DU PRODUIT : <\/span><span id=\"ctl04_lbl_ProductSKU_NBTE\" class=\"product_label\">ST 07-04-10<\/span><\/span><\/strong><\/p>","protected":false},"featured_media":1200,"comment_status":"open","ping_status":"closed","template":"","meta":[],"product_brand":[],"product_cat":[91],"product_tag":[],"class_list":{"0":"post-1055","1":"product","2":"type-product","3":"status-publish","4":"has-post-thumbnail","6":"product_cat-gynecology","8":"first","9":"instock","10":"shipping-taxable","11":"product-type-simple"},"_links":{"self":[{"href":"https:\/\/conso-med.com\/fr\/wp-json\/wp\/v2\/product\/1055","targetHints":{"allow":["GET"]}}],"collection":[{"href":"https:\/\/conso-med.com\/fr\/wp-json\/wp\/v2\/product"}],"about":[{"href":"https:\/\/conso-med.com\/fr\/wp-json\/wp\/v2\/types\/product"}],"replies":[{"embeddable":true,"href":"https:\/\/conso-med.com\/fr\/wp-json\/wp\/v2\/comments?post=1055"}],"wp:featuredmedia":[{"embeddable":true,"href":"https:\/\/conso-med.com\/fr\/wp-json\/wp\/v2\/media\/1200"}],"wp:attachment":[{"href":"https:\/\/conso-med.com\/fr\/wp-json\/wp\/v2\/media?parent=1055"}],"wp:term":[{"taxonomy":"product_brand","embeddable":true,"href":"https:\/\/conso-med.com\/fr\/wp-json\/wp\/v2\/product_brand?post=1055"},{"taxonomy":"product_cat","embeddable":true,"href":"https:\/\/conso-med.com\/fr\/wp-json\/wp\/v2\/product_cat?post=1055"},{"taxonomy":"product_tag","embeddable":true,"href":"https:\/\/conso-med.com\/fr\/wp-json\/wp\/v2\/product_tag?post=1055"}],"curies":[{"name":"wp","href":"https:\/\/api.w.org\/{rel}","templated":true}]}}