{"id":1050,"date":"2024-01-18T16:13:34","date_gmt":"2024-01-18T16:13:34","guid":{"rendered":"http:\/\/conso-med.com\/?post_type=product&#038;p=1050"},"modified":"2024-02-16T10:30:08","modified_gmt":"2024-02-16T10:30:08","slug":"minor-surgery-set","status":"publish","type":"product","link":"https:\/\/conso-med.com\/fr\/produit\/minor-surgery-set\/","title":{"rendered":"TROUSSE PETITE INTERVENTION"},"content":{"rendered":"<p><strong><span class=\"label_prod\">R\u00c9F\u00c9RENCE DU PRODUIT :<\/span><span class=\"product_label\">ST 04-05-10<br \/>\n<\/span><\/strong><span style=\"color: #000000;\"><span class=\"product_label\">30 PCS \/ CARTOON<\/span><span class=\"product_label\"><br \/>\n<\/span><\/span><\/p>\n<table style=\"height: 124px;\" width=\"479\">\n<tbody>\n<tr>\n<td><span style=\"color: #00ccff;\">N.PI\u00c8CES<\/span><\/td>\n<td><span style=\"color: #00ccff;\">\u00a0D\u00c9SIGNATION<\/span><\/td>\n<td><span style=\"color: #00ccff;\">\u00a0DIMENSIONS<\/span><\/td>\n<\/tr>\n<tr>\n<td>1<\/td>\n<td>Champ de table<\/td>\n<td>\u00a0150 x 200 cm<\/td>\n<\/tr>\n<tr>\n<td><span style=\"color: #00ccff;\">1<\/span><\/td>\n<td><span style=\"color: #00ccff;\">Champ trou\u00e9 \u00d8 10 avec adh\u00e9sif<\/span><\/td>\n<td><span style=\"color: #00ccff;\">\u00a0150 x 300 cm\u00a0<\/span><\/td>\n<\/tr>\n<tr>\n<td>1<\/td>\n<td>Serviettes absorbantes<\/td>\n<td>\u00a040 x 40 cm<\/td>\n<\/tr>\n<\/tbody>\n<\/table>\n<p><strong><span id=\"ctl04_lbl_ProductSKU_NBTE\" class=\"product_label\">\u00a0<\/span><\/strong><\/p>","protected":false},"excerpt":{"rendered":"<p><strong><span style=\"color: #0000ff;\"><span class=\"label_prod\">R\u00c9F\u00c9RENCE DU PRODUIT : <\/span><span class=\"product_label\">ST 04-05-10<br \/>\n<\/span><\/span><\/strong><\/p>","protected":false},"featured_media":1196,"comment_status":"open","ping_status":"closed","template":"","meta":[],"product_brand":[],"product_cat":[89],"product_tag":[],"class_list":{"0":"post-1050","1":"product","2":"type-product","3":"status-publish","4":"has-post-thumbnail","6":"product_cat-general-surgery","8":"first","9":"instock","10":"shipping-taxable","11":"product-type-simple"},"_links":{"self":[{"href":"https:\/\/conso-med.com\/fr\/wp-json\/wp\/v2\/product\/1050","targetHints":{"allow":["GET"]}}],"collection":[{"href":"https:\/\/conso-med.com\/fr\/wp-json\/wp\/v2\/product"}],"about":[{"href":"https:\/\/conso-med.com\/fr\/wp-json\/wp\/v2\/types\/product"}],"replies":[{"embeddable":true,"href":"https:\/\/conso-med.com\/fr\/wp-json\/wp\/v2\/comments?post=1050"}],"wp:featuredmedia":[{"embeddable":true,"href":"https:\/\/conso-med.com\/fr\/wp-json\/wp\/v2\/media\/1196"}],"wp:attachment":[{"href":"https:\/\/conso-med.com\/fr\/wp-json\/wp\/v2\/media?parent=1050"}],"wp:term":[{"taxonomy":"product_brand","embeddable":true,"href":"https:\/\/conso-med.com\/fr\/wp-json\/wp\/v2\/product_brand?post=1050"},{"taxonomy":"product_cat","embeddable":true,"href":"https:\/\/conso-med.com\/fr\/wp-json\/wp\/v2\/product_cat?post=1050"},{"taxonomy":"product_tag","embeddable":true,"href":"https:\/\/conso-med.com\/fr\/wp-json\/wp\/v2\/product_tag?post=1050"}],"curies":[{"name":"wp","href":"https:\/\/api.w.org\/{rel}","templated":true}]}}