{"id":1047,"date":"2024-01-18T16:06:38","date_gmt":"2024-01-18T16:06:38","guid":{"rendered":"http:\/\/conso-med.com\/?post_type=product&#038;p=1047"},"modified":"2024-02-22T09:49:53","modified_gmt":"2024-02-22T09:49:53","slug":"hystero-laparoscopy-surgery-set","status":"publish","type":"product","link":"https:\/\/conso-med.com\/fr\/produit\/hystero-laparoscopy-surgery-set\/","title":{"rendered":"TROUSSE HYSTERO-C\u0152LIO"},"content":{"rendered":"<p><strong><span class=\"label_prod\">R\u00c9F\u00c9RENCE DU PRODUIT :<\/span><span id=\"ctl04_lbl_ProductSKU_NBTE\" class=\"product_label\">ST04-04-12<br \/>\n<\/span><\/strong><span class=\"product_label\">15 PCS \/ CARTON<br \/>\n<\/span><\/p>\n<table style=\"height: 405px;\" width=\"495\">\n<tbody>\n<tr>\n<td><span style=\"color: #00ccff;\">N.PI\u00c8CES<\/span><\/td>\n<td><span style=\"color: #00ccff;\">\u00a0D\u00c9SIGNATION<\/span><\/td>\n<td><span style=\"color: #00ccff;\">\u00a0DIMENSIONS<\/span><\/td>\n<\/tr>\n<tr>\n<td>1<\/td>\n<td>Champ de table<\/td>\n<td>150 x 200 cm<\/td>\n<\/tr>\n<tr>\n<td><span style=\"color: #00ccff;\">1<\/span><\/td>\n<td><span style=\"color: #00ccff;\">Champ simple<\/span><\/td>\n<td><span style=\"color: #00ccff;\">75 x 90 cm<\/span><\/td>\n<\/tr>\n<tr>\n<td>1<\/td>\n<td>Champ trou\u00e9 \u00d8 10 avec adh\u00e9sif<\/td>\n<td>75 x 90 cm<\/td>\n<\/tr>\n<tr>\n<td><span style=\"color: #00ccff;\">2<\/span><\/td>\n<td><span style=\"color: #00ccff;\">Jambi\u00e8res<\/span><\/td>\n<td><span style=\"color: #00ccff;\">80 x 120 cm<\/span><\/td>\n<\/tr>\n<tr>\n<td>2<\/td>\n<td>Champs lat\u00e9raux<\/td>\n<td>75 x 90 cm<\/td>\n<\/tr>\n<tr>\n<td><span style=\"color: #00ccff;\">1<\/span><\/td>\n<td><span style=\"color: #00ccff;\">Champ de pieds<\/span><\/td>\n<td><span style=\"color: #00ccff;\">100 x 150 cm<\/span><\/td>\n<\/tr>\n<tr>\n<td>1<\/td>\n<td>Champ de t\u00eate<\/td>\n<td>150 x 250 cm<\/td>\n<\/tr>\n<tr>\n<td><span style=\"color: #00ccff;\">1<\/span><\/td>\n<td><span style=\"color: #00ccff;\">Housse cam\u00e9ra<\/span><\/td>\n<td><span style=\"color: #00ccff;\">13 x 250 cm<\/span><\/td>\n<\/tr>\n<tr>\n<td>1<\/td>\n<td>Sac Pi\u00e9ce<\/td>\n<td>8 x 15 cm<\/td>\n<\/tr>\n<tr>\n<td><span style=\"color: #00ccff;\">2<\/span><\/td>\n<td><span style=\"color: #00ccff;\">Bande adh\u00e9sives<\/span><\/td>\n<td><span style=\"color: #00ccff;\">10 x 50 cm<\/span><\/td>\n<\/tr>\n<tr>\n<td>4<\/td>\n<td>Serviettes absorbantes<\/td>\n<td>40 x 40 cm<\/td>\n<\/tr>\n<tr>\n<td><span style=\"color: #00ccff;\">10\u00a0<\/span><\/td>\n<td><span style=\"color: #00ccff;\">Compresses<\/span><\/td>\n<td><span style=\"color: #00ccff;\">10 x 10 cm<\/span><\/td>\n<\/tr>\n<\/tbody>\n<\/table>\n<p><span id=\"ctl04_lbl_ProductSKU_NBTE\" class=\"product_label\">\u00a0<\/span><\/p>","protected":false},"excerpt":{"rendered":"<p><strong><span class=\"label_prod\">R\u00c9F\u00c9RENCE DU PRODUIT :<\/span><span id=\"ctl04_lbl_ProductSKU_NBTE\" class=\"product_label\">ST04-04-12<br \/>\n<\/span><\/strong><span class=\"product_label\"><br \/>\n<\/span><\/p>","protected":false},"featured_media":1194,"comment_status":"open","ping_status":"closed","template":"","meta":[],"product_brand":[],"product_cat":[89],"product_tag":[],"class_list":{"0":"post-1047","1":"product","2":"type-product","3":"status-publish","4":"has-post-thumbnail","6":"product_cat-general-surgery","8":"first","9":"instock","10":"shipping-taxable","11":"product-type-simple"},"_links":{"self":[{"href":"https:\/\/conso-med.com\/fr\/wp-json\/wp\/v2\/product\/1047","targetHints":{"allow":["GET"]}}],"collection":[{"href":"https:\/\/conso-med.com\/fr\/wp-json\/wp\/v2\/product"}],"about":[{"href":"https:\/\/conso-med.com\/fr\/wp-json\/wp\/v2\/types\/product"}],"replies":[{"embeddable":true,"href":"https:\/\/conso-med.com\/fr\/wp-json\/wp\/v2\/comments?post=1047"}],"wp:featuredmedia":[{"embeddable":true,"href":"https:\/\/conso-med.com\/fr\/wp-json\/wp\/v2\/media\/1194"}],"wp:attachment":[{"href":"https:\/\/conso-med.com\/fr\/wp-json\/wp\/v2\/media?parent=1047"}],"wp:term":[{"taxonomy":"product_brand","embeddable":true,"href":"https:\/\/conso-med.com\/fr\/wp-json\/wp\/v2\/product_brand?post=1047"},{"taxonomy":"product_cat","embeddable":true,"href":"https:\/\/conso-med.com\/fr\/wp-json\/wp\/v2\/product_cat?post=1047"},{"taxonomy":"product_tag","embeddable":true,"href":"https:\/\/conso-med.com\/fr\/wp-json\/wp\/v2\/product_tag?post=1047"}],"curies":[{"name":"wp","href":"https:\/\/api.w.org\/{rel}","templated":true}]}}