{"id":1029,"date":"2024-01-15T14:39:47","date_gmt":"2024-01-15T14:39:47","guid":{"rendered":"http:\/\/conso-med.com\/?post_type=product&#038;p=1029"},"modified":"2024-09-25T15:27:37","modified_gmt":"2024-09-25T15:27:37","slug":"tnt-coverall","status":"publish","type":"product","link":"https:\/\/conso-med.com\/fr\/produit\/tnt-coverall\/","title":{"rendered":"COMBINAISON TNT"},"content":{"rendered":"<p><strong><span class=\"label_prod\">R\u00c9F\u00c9RENCE DU PRODUIT :<\/span><span id=\"ctl04_lbl_ProductSKU_NBTE\" class=\"product_label\">5003<br \/>\nR\u00c9F\u00c9RENCE DU PRODUIT:5031<br \/>\n<\/span><\/strong><span id=\"ctl04_lbl_ProductSKU_NBTE\" class=\"product_label\" style=\"color: #000000;\">50 PCS \/ CARTON<\/span><\/p>\n<p>Combinaison TNT destin\u00e9e aux professionnels des industries chimiques, agroalimentaires, cosm\u00e9tique, m\u00e9dicales et pharmaceutique<\/p>\n<p>A usage unique, con\u00e7ue en mati\u00e8re non tiss\u00e9.<\/p>\n<p>Assurant une protection hygi\u00e9nique optimale.<\/p>\n<p>Garantissant une haute r\u00e9sistance aux flammes, \u00e0 la fum\u00e9e et aux mati\u00e8res chimiques.<\/p>","protected":false},"excerpt":{"rendered":"<p><strong><span style=\"color: #0000ff;\"><span class=\"label_prod\">R\u00c9F\u00c9RENCE DU PRODUIT : <\/span><span id=\"ctl04_lbl_ProductSKU_NBTE\" class=\"product_label\">5003 \/ 5031<\/span><\/span><span id=\"ctl04_lbl_ProductSKU_NBTE\" class=\"product_label\"><br \/>\n<\/span><\/strong><\/p>","protected":false},"featured_media":1030,"comment_status":"open","ping_status":"closed","template":"","meta":[],"product_brand":[],"product_cat":[59,105],"product_tag":[],"class_list":{"0":"post-1029","1":"product","2":"type-product","3":"status-publish","4":"has-post-thumbnail","6":"product_cat-protection-devices","7":"product_cat-industrial-protection","9":"first","10":"instock","11":"shipping-taxable","12":"product-type-simple"},"_links":{"self":[{"href":"https:\/\/conso-med.com\/fr\/wp-json\/wp\/v2\/product\/1029","targetHints":{"allow":["GET"]}}],"collection":[{"href":"https:\/\/conso-med.com\/fr\/wp-json\/wp\/v2\/product"}],"about":[{"href":"https:\/\/conso-med.com\/fr\/wp-json\/wp\/v2\/types\/product"}],"replies":[{"embeddable":true,"href":"https:\/\/conso-med.com\/fr\/wp-json\/wp\/v2\/comments?post=1029"}],"wp:featuredmedia":[{"embeddable":true,"href":"https:\/\/conso-med.com\/fr\/wp-json\/wp\/v2\/media\/1030"}],"wp:attachment":[{"href":"https:\/\/conso-med.com\/fr\/wp-json\/wp\/v2\/media?parent=1029"}],"wp:term":[{"taxonomy":"product_brand","embeddable":true,"href":"https:\/\/conso-med.com\/fr\/wp-json\/wp\/v2\/product_brand?post=1029"},{"taxonomy":"product_cat","embeddable":true,"href":"https:\/\/conso-med.com\/fr\/wp-json\/wp\/v2\/product_cat?post=1029"},{"taxonomy":"product_tag","embeddable":true,"href":"https:\/\/conso-med.com\/fr\/wp-json\/wp\/v2\/product_tag?post=1029"}],"curies":[{"name":"wp","href":"https:\/\/api.w.org\/{rel}","templated":true}]}}