{"id":1015,"date":"2024-01-12T15:38:53","date_gmt":"2024-01-12T15:38:53","guid":{"rendered":"http:\/\/conso-med.com\/?post_type=product&#038;p=1015"},"modified":"2024-02-15T15:05:56","modified_gmt":"2024-02-15T15:05:56","slug":"non-woven-g-string","status":"publish","type":"product","link":"https:\/\/conso-med.com\/fr\/produit\/non-woven-g-string\/","title":{"rendered":"STRING EN NON TISS\u00c9"},"content":{"rendered":"<p><strong><span class=\"label_prod\">R\u00c9F\u00c9RENCE DU PRODUIT : <\/span><span id=\"ctl04_lbl_ProductSKU_NBTE\" class=\"product_label\">14001<\/span><\/strong><\/p>\n<p>String en tissu non tiss\u00e9 con\u00e7u en mati\u00e8re hypoallerg\u00e9nique.<\/p>\n<p>Con\u00e7u pour les clientes des professionnels des soins du corps : massage, gommage, hydroth\u00e9rapie... qui se font dans les centres de thalassoth\u00e9rapie, les centres de r\u00e9\u00e9ducation fonctionnelle, les instituts de beaut\u00e9 et de bien \u00eatre...<\/p>","protected":false},"excerpt":{"rendered":"<p><strong><span style=\"color: #3366ff;\"><span class=\"label_prod\">R\u00c9F\u00c9RENCE DU PRODUIT : <\/span><span id=\"ctl04_lbl_ProductSKU_NBTE\" class=\"product_label\">14001<\/span><\/span><\/strong><\/p>","protected":false},"featured_media":1016,"comment_status":"open","ping_status":"closed","template":"","meta":[],"product_brand":[],"product_cat":[59,67],"product_tag":[],"class_list":{"0":"post-1015","1":"product","2":"type-product","3":"status-publish","4":"has-post-thumbnail","6":"product_cat-protection-devices","7":"product_cat-spa-and-specialized-centers","9":"first","10":"instock","11":"shipping-taxable","12":"product-type-simple"},"_links":{"self":[{"href":"https:\/\/conso-med.com\/fr\/wp-json\/wp\/v2\/product\/1015","targetHints":{"allow":["GET"]}}],"collection":[{"href":"https:\/\/conso-med.com\/fr\/wp-json\/wp\/v2\/product"}],"about":[{"href":"https:\/\/conso-med.com\/fr\/wp-json\/wp\/v2\/types\/product"}],"replies":[{"embeddable":true,"href":"https:\/\/conso-med.com\/fr\/wp-json\/wp\/v2\/comments?post=1015"}],"wp:featuredmedia":[{"embeddable":true,"href":"https:\/\/conso-med.com\/fr\/wp-json\/wp\/v2\/media\/1016"}],"wp:attachment":[{"href":"https:\/\/conso-med.com\/fr\/wp-json\/wp\/v2\/media?parent=1015"}],"wp:term":[{"taxonomy":"product_brand","embeddable":true,"href":"https:\/\/conso-med.com\/fr\/wp-json\/wp\/v2\/product_brand?post=1015"},{"taxonomy":"product_cat","embeddable":true,"href":"https:\/\/conso-med.com\/fr\/wp-json\/wp\/v2\/product_cat?post=1015"},{"taxonomy":"product_tag","embeddable":true,"href":"https:\/\/conso-med.com\/fr\/wp-json\/wp\/v2\/product_tag?post=1015"}],"curies":[{"name":"wp","href":"https:\/\/api.w.org\/{rel}","templated":true}]}}