{"id":830,"date":"2024-01-04T15:07:51","date_gmt":"2024-01-04T15:07:51","guid":{"rendered":"http:\/\/conso-med.com\/?page_id=830"},"modified":"2024-10-11T08:29:39","modified_gmt":"2024-10-11T08:29:39","slug":"about","status":"publish","type":"page","link":"https:\/\/conso-med.com\/fr\/about\/","title":{"rendered":"About"},"content":{"rendered":"<div class=\"brz-root__container brz-reset-all brz\">\n<section id=\"-yXgJJH6o2qgF\" class=\"brz-section brz-css-c11vA\">\n<div class=\"brz-section__content brz-section--boxed brz-css-eUh0e brz-css-fTYmP\" data-brz-custom-id=\"olKdtwBCRPor\">\n<div class=\"brz-container brz-css-cA8N6\">\n<div id=\"\" class=\"brz-css-hKwRt brz-wrapper\">\n<div class=\"brz-rich-text brz-rich-text__custom brz-css-m8DH7\" data-brz-custom-id=\"lRbylnlHJvd2\">\n<div data-brz-translate-text=\"1\">\n<p class=\"brz-text-lg-center brz-fss-lg-px brz-fw-lg-400 brz-ls-lg-0 brz-lh-lg-1_9 brz-tp-lg-empty brz-ff-overpass brz-ft-google brz-fs-lg-18 brz-css-fYrSD\" style=\"text-align: center;\" data-generated-css=\"brz-css-fevNO\" data-uniq-id=\"xxPm7\"><strong>\u00c0 propos de nous<\/strong><\/p>\n<\/div>\n<\/div>\n<\/div>\n<\/div>\n<\/div>\n<\/section>\n<section id=\"-mJ7pvX2x0hRT\" class=\"brz-section brz-css-c11vA\">\n<div class=\"brz-section__content brz-section--boxed brz-css-eUh0e brz-css-f9CXw\" data-brz-custom-id=\"dfAFvsriJanC\">\n<div class=\"brz-container brz-css-cA8N6\">\n<div id=\"\" class=\"brz-css-hKwRt brz-wrapper\">\n<div class=\"brz-rich-text brz-rich-text__custom brz-css-m8DH7\" data-brz-custom-id=\"f0jrRGzyuJiC\">\n<div data-brz-translate-text=\"1\">\n<p>\u00a0 \u00a0 \u00a0 \u00a0 \u00a0 \u00a0 <img loading=\"lazy\" decoding=\"async\" class=\"wp-image-1423 aligncenter\" src=\"http:\/\/conso-med.com\/wp-content\/uploads\/2024\/10\/2-300x142.jpg\" alt=\"\" width=\"646\" height=\"306\" srcset=\"https:\/\/conso-med.com\/wp-content\/uploads\/2024\/10\/2-300x142.jpg 300w, https:\/\/conso-med.com\/wp-content\/uploads\/2024\/10\/2-1024x484.jpg 1024w, https:\/\/conso-med.com\/wp-content\/uploads\/2024\/10\/2-768x363.jpg 768w, https:\/\/conso-med.com\/wp-content\/uploads\/2024\/10\/2-18x9.jpg 18w, https:\/\/conso-med.com\/wp-content\/uploads\/2024\/10\/2.jpg 1280w\" sizes=\"auto, (max-width: 646px) 100vw, 646px\" \/><\/p>\n<\/div>\n<\/div>\n<\/div>\n<div id=\"\" class=\"brz-css-hKwRt brz-wrapper\">\n<div class=\"brz-image brz-css-rgV_l\" data-brz-custom-id=\"lgePd7uaRjff\">\u00a0<\/div>\n<\/div>\n<div id=\"\" class=\"brz-css-hKwRt brz-wrapper\">\n<div class=\"brz-rich-text brz-rich-text__custom brz-css-m8DH7\" data-brz-custom-id=\"nvNtrQDPIqVc\">\n<div data-brz-translate-text=\"1\">\n<p class=\"brz-tp-lg-paragraph ql-align-justify brz-css-jk02G\" style=\"text-align: center;\" data-uniq-id=\"lQlmP\" data-generated-css=\"brz-css-zBKmt\"><strong>Consomed<\/strong> est une entreprise tunisienne innovante, sp\u00e9cialis\u00e9e dans la fabrication de\ndispositifs m\u00e9dicaux \u00e0 usage unique.<br \/>Fond\u00e9e en 2010 par <strong>Mohamed Alouini<\/strong>Consomed a \u00e9t\u00e9 cr\u00e9\u00e9e avec l'objectif de r\u00e9pondre aux besoins croissants du march\u00e9 en mati\u00e8re de dispositifs m\u00e9dicaux et de stimuler le d\u00e9veloppement de cette industrie au niveau national et r\u00e9gional.<br \/>Depuis sa cr\u00e9ation <strong>Consomed<\/strong> s\u2019est impos\u00e9e comme un acteur cl\u00e9 dans le secteur de la sant\u00e9, gr\u00e2ce \u00e0 son engagement envers l'excellence et l'innovation.<br \/>Avec une \u00e9quipe de plus de 200 salari\u00e9s qualifi\u00e9s, l'entreprise a d\u00e9velopp\u00e9 une forte image\nde marque et a \u00e9tabli un r\u00e9seau de distribution direct bien ancr\u00e9 sur l'ensemble du territoire\ntunisien.<br \/><strong>Consomed<\/strong> se distingue par son expertise technique et sa capacit\u00e9 \u00e0 fournir des produits de\nhaute qualit\u00e9, r\u00e9pondant aux normes et \u00e0 la r\u00e9glementation nationale et international.<br \/>L'entreprise ne se contente pas de dominer le march\u00e9 tunisien, elle s\u2019affirme \u00e9galement\ncomme une r\u00e9f\u00e9rence sur certains march\u00e9s d'Afrique subsaharienne et du Moyen-Orient,\nconsolidant ainsi sa position de leader r\u00e9gional dans l'industrie des dispositifs m\u00e9dicaux.<br \/>Engag\u00e9e dans une d\u00e9marche d'innovation continue et de d\u00e9veloppement durable, <strong>Consomed<\/strong> reste d\u00e9di\u00e9e \u00e0 l'am\u00e9lioration des soins de sant\u00e9 et \u00e0 la satisfaction de ses clients,\nen offrant des solutions adapt\u00e9es aux besoins sp\u00e9cifiques des professionnels de sant\u00e9<\/p>\n<p class=\"brz-tp-lg-paragraph brz-css-lY2Z6\" data-uniq-id=\"lQlmP\" data-generated-css=\"brz-css-zBKmt\">\u00a0 \u00a0 \u00a0 \u00a0 \u00a0 \u00a0 \u00a0 \u00a0 \u00a0 \u00a0 \u00a0 \u00a0 \u00a0 \u00a0 \u00a0 \u00a0 \u00a0 \u00a0 \u00a0 \u00a0 \u00a0 \u00a0 \u00a0 \u00a0 \u00a0 \u00a0 \u00a0 \u00a0 \u00a0 \u00a0 \u00a0 \u00a0 \u00a0 \u00a0 \u00a0 \u00a0 \u00a0 \u00a0 \u00a0 \u00a0<img loading=\"lazy\" decoding=\"async\" class=\"wp-image-1425 aligncenter\" src=\"http:\/\/conso-med.com\/wp-content\/uploads\/2024\/10\/5-300x225.jpg\" alt=\"\" width=\"586\" height=\"439\" srcset=\"https:\/\/conso-med.com\/wp-content\/uploads\/2024\/10\/5-300x225.jpg 300w, https:\/\/conso-med.com\/wp-content\/uploads\/2024\/10\/5-768x576.jpg 768w, https:\/\/conso-med.com\/wp-content\/uploads\/2024\/10\/5-16x12.jpg 16w, https:\/\/conso-med.com\/wp-content\/uploads\/2024\/10\/5.jpg 960w\" sizes=\"auto, (max-width: 586px) 100vw, 586px\" \/><\/p>\n<\/div>\n<\/div>\n<\/div>\n<\/div>\n<\/div>\n<\/section>\n<section id=\"-nJsp62fCZp9N\" class=\"brz-section brz-css-c11vA\">\n<div class=\"brz-section__content brz-section--boxed brz-css-eUh0e brz-css-oUD2_\" data-brz-custom-id=\"a4jMOstIT8Pj\">\n<div class=\"brz-container brz-css-cA8N6\">\n<div id=\"\" class=\"brz-css-hKwRt brz-wrapper\">\n<div class=\"brz-image brz-css-lLRtG\" data-brz-custom-id=\"hjYUXBBmEbYA\">\u00a0<\/div>\n<\/div>\n<\/div>\n<\/div>\n<\/section>\n<section id=\"-zuv_L3B00_b0\" class=\"brz-section brz-css-c11vA\">\n<div class=\"brz-section__content brz-section--boxed brz-css-eUh0e brz-css-v0YDZ\" data-brz-custom-id=\"wfENgxVWI0FI\">\n<div class=\"brz-container brz-css-cA8N6\">\n<div id=\"\" class=\"brz-css-hKwRt brz-wrapper\">\n<div class=\"brz-rich-text brz-rich-text__custom brz-css-m8DH7\" data-brz-custom-id=\"hQyGJrw0ZWMn\">\n<div data-brz-translate-text=\"1\">\n<h1 class=\"brz-tp-lg-heading1 brz-css-w3PX1\" style=\"text-align: center;\" data-uniq-id=\"lgz8d\" data-generated-css=\"brz-css-rxULH\"><span class=\"brz-cp-color7\">Mission<\/span><\/h1>\n<p class=\"brz-tp-lg-paragraph ql-align-justify brz-css-d24_D\" style=\"text-align: center;\" data-uniq-id=\"u_PQF\" data-generated-css=\"brz-css-hN7Pq\"><span class=\"brz-cp-color7\">Offrir \u00e0 nos partenaires, clients et au patient un produit adapt\u00e9, confortable et de la plus haute qualit\u00e9.<\/span><\/p>\n<h1 class=\"brz-tp-lg-heading1 brz-css-hjIIk\" style=\"text-align: center;\" data-uniq-id=\"a89Qi\" data-generated-css=\"brz-css-ruzxW\"><span class=\"brz-cp-color7\">Nos valeurs<\/span><\/h1>\n<p class=\"brz-tp-lg-paragraph ql-align-justify brz-css-xc8ze\" style=\"text-align: center;\" data-uniq-id=\"kITG6\" data-generated-css=\"brz-css-bk3bk\"><span class=\"brz-cp-color7\">Travail en \u00e9quipe<\/span><\/p>\n<p class=\"brz-tp-lg-paragraph ql-align-justify brz-css-e0kmh\" style=\"text-align: center;\" data-uniq-id=\"r4eSJ\" data-generated-css=\"brz-css-o9x5u\"><span class=\"brz-cp-color7\">Qualit\u00e9<\/span><\/p>\n<p class=\"brz-tp-lg-paragraph ql-align-justify brz-css-xP0yO\" style=\"text-align: center;\" data-uniq-id=\"lwKEZ\" data-generated-css=\"brz-css-ajJNj\"><span class=\"brz-cp-color7\">Respect.<\/span><\/p>\n<p class=\"brz-tp-lg-paragraph ql-align-justify brz-css-fQ06L\" style=\"text-align: center;\" data-uniq-id=\"iOPwr\" data-generated-css=\"brz-css-t9BG5\"><span class=\"brz-cp-color7\">\u00a0Innovation.<br \/>Engagement envers le client.<br \/>Responsabilit\u00e9 environnementale.<br \/><\/span><\/p>\n<h1 class=\"brz-tp-lg-heading1 brz-css-a1Smw\" style=\"text-align: center;\" data-uniq-id=\"g5YEf\" data-generated-css=\"brz-css-qY0wR\"><span class=\"brz-cp-color7\">Dirigeants<\/span><\/h1>\n<p class=\"brz-tp-lg-paragraph ql-align-justify brz-css-i6eC1\" style=\"text-align: center;\" data-uniq-id=\"tCUaS\" data-generated-css=\"brz-css-rdAaM\"><strong class=\"brz-cp-color7\">Mohamed Alouini<\/strong><span class=\"brz-cp-color7\"> choisi de suivre des \u00e9tudes techniques (Maintenance des Dispositifs M\u00e9dicaux) apr\u00e8s une licence en math\u00e9matiques. C\u2019est lors d\u2019un stage en milieu hospitalier que l\u2019id\u00e9e de <strong>Consomed<\/strong> est n\u00e9,<\/span><span class=\"brz-cp-color7\">de l'incubateur \u00e0 la cr\u00e8che et \u00e0 l'atelier<\/span><strong class=\"brz-cp-color7\">, <br \/>Mohamed Alouini<\/strong><span class=\"brz-cp-color7\">\u00a0s\u2019est entour\u00e9 d\u2019une \u00e9quipe qui lui a permis de d\u00e9velopper un savoir-faire distingu\u00e9 tout en augmentant la part de march\u00e9 de Consomed. Travailleur infatigable,\u00a0<\/span><strong class=\"brz-cp-color7\">Mohamed Alouini<\/strong><span class=\"brz-cp-color7\"> reste un moteur d'innovation et de d\u00e9veloppement de nouveaux produits.<\/span><\/p>\n<p>\u00a0 \u00a0 \u00a0 \u00a0 \u00a0 \u00a0 \u00a0 \u00a0 \u00a0 \u00a0 \u00a0 \u00a0 \u00a0 \u00a0 \u00a0 \u00a0 \u00a0 \u00a0<img loading=\"lazy\" decoding=\"async\" class=\"brz-img\" style=\"color: initial; font-size: revert;\" src=\"http:\/\/conso-med.com\/wp-content\/uploads\/brizy\/imgs\/footer_icon1-176x174x0x1x176x173x1704374201.png\" alt=\"\" width=\"125\" height=\"123\" \/> <img loading=\"lazy\" decoding=\"async\" class=\"brz-img\" style=\"color: initial;\" src=\"http:\/\/conso-med.com\/wp-content\/uploads\/brizy\/imgs\/footer_icon5-190x188x0x1x190x187x1704374289.png\" alt=\"\" width=\"130\" height=\"128\" \/> <img loading=\"lazy\" decoding=\"async\" class=\"brz-img\" style=\"color: initial;\" src=\"http:\/\/conso-med.com\/wp-content\/uploads\/brizy\/imgs\/13485-183x181x0x1x183x180x1704374282.png\" alt=\"\" width=\"130\" height=\"128\" \/> <img loading=\"lazy\" decoding=\"async\" class=\"brz-img\" src=\"http:\/\/conso-med.com\/wp-content\/uploads\/brizy\/imgs\/9001-181x180x1x0x179x180x1704374274.png\" alt=\"\" width=\"126\" height=\"127\" \/><br \/>\u00a0 \u00a0 \u00a0 \u00a0 \u00a0 \u00a0 \u00a0 \u00a0 \u00a0 \u00a0 \u00a0 \u00a0 \u00a0 \u00a0 \u00a0 \u00a0 \u00a0 <img loading=\"lazy\" decoding=\"async\" class=\"brz-img\" style=\"color: initial;\" src=\"http:\/\/conso-med.com\/wp-content\/uploads\/brizy\/imgs\/footer_icon4-186x185x0x1x186x183x1704374267.png\" alt=\"\" width=\"126\" height=\"123\" \/><\/p>\n<\/div>\n<\/div>\n<\/div>\n<\/div>\n<\/div>\n<\/section>\n<section id=\"-qHvJIdzUKU_N\" class=\"brz-section brz-css-c11vA\">\n<div class=\"brz-section__content brz-section--boxed brz-css-eUh0e brz-css-uO0f9\" data-brz-custom-id=\"czrMW4jeFYHy\">\n<div class=\"brz-container brz-css-cA8N6\">\n<div id=\"\" class=\"brz-css-hKwRt brz-css-fW3b1 brz-wrapper\">\n<div class=\"brz-image brz-css-yu8Ae\" data-brz-custom-id=\"lCQuTKw_B4tA\">\u00a0<\/div>\n<\/div>\n<\/div>\n<\/div>\n<\/section>\n<section id=\"-yEFedIqORE6K\" class=\"brz-section brz-css-c11vA\">\n<div class=\"brz-section__content brz-section--boxed brz-css-eUh0e\" data-brz-custom-id=\"lP04H5urjRRY\">\n<div class=\"brz-container brz-css-cA8N6\">\u00a0<\/div>\n<\/div>\n<\/section>\n<section id=\"-mXX5I5aW9cX3\" class=\"brz-section brz-css-c11vA\">\n<div class=\"brz-section__content brz-section--boxed brz-css-eUh0e\" data-brz-custom-id=\"ygPBLuvfiVPL\">\n<div class=\"brz-container brz-css-cA8N6\">\u00a0<\/div>\n<\/div>\n<\/section>\n<\/div>\n<p><!-- version:1727446307 --><\/p><p><\/p>","protected":false},"excerpt":{"rendered":"<p>ABOUT US \u00a0 \u00a0 \u00a0 \u00a0 \u00a0 \u00a0 \u00a0 Consomed is an innovative Tunisian company specializing in the manufacturing of single-use medical devices.Founded in 2010 by Mohamed Alouini, Consomed was created with the aim of addressing the growing market demand for medical devices and fostering the development of this industry at both national and regional [&hellip;]<\/p>","protected":false},"author":1,"featured_media":831,"parent":0,"menu_order":0,"comment_status":"closed","ping_status":"closed","template":"brizy-blank-template.php","meta":{"footnotes":""},"class_list":["post-830","page","type-page","status-publish","has-post-thumbnail","hentry"],"_links":{"self":[{"href":"https:\/\/conso-med.com\/fr\/wp-json\/wp\/v2\/pages\/830","targetHints":{"allow":["GET"]}}],"collection":[{"href":"https:\/\/conso-med.com\/fr\/wp-json\/wp\/v2\/pages"}],"about":[{"href":"https:\/\/conso-med.com\/fr\/wp-json\/wp\/v2\/types\/page"}],"author":[{"embeddable":true,"href":"https:\/\/conso-med.com\/fr\/wp-json\/wp\/v2\/users\/1"}],"replies":[{"embeddable":true,"href":"https:\/\/conso-med.com\/fr\/wp-json\/wp\/v2\/comments?post=830"}],"version-history":[{"count":48,"href":"https:\/\/conso-med.com\/fr\/wp-json\/wp\/v2\/pages\/830\/revisions"}],"predecessor-version":[{"id":1483,"href":"https:\/\/conso-med.com\/fr\/wp-json\/wp\/v2\/pages\/830\/revisions\/1483"}],"wp:featuredmedia":[{"embeddable":true,"href":"https:\/\/conso-med.com\/fr\/wp-json\/wp\/v2\/media\/831"}],"wp:attachment":[{"href":"https:\/\/conso-med.com\/fr\/wp-json\/wp\/v2\/media?parent=830"}],"curies":[{"name":"wp","href":"https:\/\/api.w.org\/{rel}","templated":true}]}}